{"id":15466,"date":"2021-07-01T17:02:21","date_gmt":"2021-07-01T15:02:21","guid":{"rendered":"https:\/\/expannia.com\/?page_id=15466"},"modified":"2021-07-01T18:29:37","modified_gmt":"2021-07-01T16:29:37","slug":"distribuidores","status":"publish","type":"page","link":"https:\/\/expannia.com\/es\/distribuidores\/","title":{"rendered":"Distribuidores"},"content":{"rendered":"<p>[vc_row css_animation=\u00bb\u00bb row_type=\u00bbrow\u00bb use_row_as_full_screen_section=\u00bbno\u00bb type=\u00bbgrid\u00bb angled_section=\u00bbno\u00bb text_align=\u00bbcenter\u00bb background_image_as_pattern=\u00bbwithout_pattern\u00bb z_index=\u00bb\u00bb padding_bottom=\u00bb80&#8243; el_class=\u00bbbecome-dealer distribuidores\u00bb padding_top=\u00bb60&#8243; css=\u00bb.vc_custom_1625152271250{background-color: #1fada1 !important;}\u00bb][vc_column][vc_single_image image=\u00bb14910&#8243; img_size=\u00bbfull\u00bb alignment=\u00bbcenter\u00bb qode_css_animation=\u00bb\u00bb el_class=\u00bbicono_cabecera\u00bb][vc_column_text]<\/p>\n<h1>Convi\u00e9rtete en distribuidor<\/h1>\n<p>[\/vc_column_text][vc_empty_space height=\u00bb5px\u00bb][vc_column_text]<\/p>\n<h4>Complete el formulario si est\u00e1 interesado en convertirse en distribuidor de Expannia<\/h4>\n<p>[\/vc_column_text][vc_empty_space height=\u00bb50px\u00bb][vc_row_inner row_type=\u00bbrow\u00bb type=\u00bbgrid\u00bb text_align=\u00bbleft\u00bb css_animation=\u00bb\u00bb el_class=\u00bbbecome-dealer-columnas\u00bb][vc_column_inner]<div role=\"form\" class=\"wpcf7\" id=\"wpcf7-f15465-o1\" lang=\"es-ES\" dir=\"ltr\">\n<div class=\"screen-reader-response\"><p role=\"status\" aria-live=\"polite\" aria-atomic=\"true\"><\/p> <ul><\/ul><\/div>\n<form action=\"\/es\/wp-json\/wp\/v2\/pages\/15466#wpcf7-f15465-o1\" method=\"post\" class=\"wpcf7-form init cf7_custom_style_1\" novalidate=\"novalidate\" data-status=\"init\">\n<div style=\"display: none;\">\n<input type=\"hidden\" name=\"_wpcf7\" value=\"15465\" \/>\n<input type=\"hidden\" name=\"_wpcf7_version\" value=\"5.4.1\" \/>\n<input type=\"hidden\" name=\"_wpcf7_locale\" value=\"es_ES\" \/>\n<input type=\"hidden\" name=\"_wpcf7_unit_tag\" value=\"wpcf7-f15465-o1\" \/>\n<input type=\"hidden\" name=\"_wpcf7_container_post\" value=\"0\" \/>\n<input type=\"hidden\" name=\"_wpcf7_posted_data_hash\" value=\"\" \/>\n<input type=\"hidden\" name=\"_wpcf7_recaptcha_response\" value=\"\" \/>\n<\/div>\n<div class=\"two_columns_50_50 clearfix\">\n<div class=\"column1\">\n<div class=\"column_inner\"><label><span class=\"wpcf7-form-control-wrap your-name\"><input type=\"text\" name=\"your-name\" value=\"\" size=\"40\" class=\"wpcf7-form-control wpcf7-text wpcf7-validates-as-required\" aria-required=\"true\" aria-invalid=\"false\" placeholder=\"Nombre\" \/><\/span><\/label><\/div>\n<\/div>\n<div class=\"column2\">\n<div class=\"column_inner\"><label><span class=\"wpcf7-form-control-wrap your-lastname\"><input type=\"text\" name=\"your-lastname\" value=\"\" size=\"40\" class=\"wpcf7-form-control wpcf7-text wpcf7-validates-as-required\" aria-required=\"true\" aria-invalid=\"false\" placeholder=\"Apellidos\" \/><\/span><\/label><\/div>\n<\/div>\n<\/div>\n<div class=\"two_columns_50_50 clearfix\">\n<div class=\"column1\">\n<div class=\"column_inner\"><label><span class=\"wpcf7-form-control-wrap your-email\"><input type=\"email\" name=\"your-email\" value=\"\" size=\"40\" class=\"wpcf7-form-control wpcf7-text wpcf7-email wpcf7-validates-as-required wpcf7-validates-as-email\" aria-required=\"true\" aria-invalid=\"false\" placeholder=\"Email\" \/><\/span><\/label><\/div>\n<\/div>\n<div class=\"column2\">\n<div class=\"column_inner\"><label><span class=\"wpcf7-form-control-wrap your-company\"><input type=\"text\" name=\"your-company\" value=\"\" size=\"40\" class=\"wpcf7-form-control wpcf7-text wpcf7-validates-as-required\" aria-required=\"true\" aria-invalid=\"false\" placeholder=\"Compa\u00f1\u00eda\" \/><\/span><\/label><\/div>\n<\/div>\n<\/div>\n<div class=\"two_columns_50_50 clearfix\">\n<div class=\"column1\">\n<div class=\"column_inner\"><label><span class=\"wpcf7-form-control-wrap your-address\"><input type=\"text\" name=\"your-address\" value=\"\" size=\"40\" class=\"wpcf7-form-control wpcf7-text wpcf7-validates-as-required\" aria-required=\"true\" aria-invalid=\"false\" placeholder=\"Direcci\u00f3n postal\" \/><\/span><\/label><\/div>\n<\/div>\n<div class=\"column2\">\n<div class=\"column_inner\"><label><span class=\"wpcf7-form-control-wrap your-city\"><input type=\"text\" name=\"your-city\" value=\"\" size=\"40\" class=\"wpcf7-form-control wpcf7-text wpcf7-validates-as-required\" aria-required=\"true\" aria-invalid=\"false\" placeholder=\"Ciudad\" \/><\/span><\/label><\/div>\n<\/div>\n<\/div>\n<div class=\"two_columns_50_50 clearfix\">\n<div class=\"column1\">\n<div class=\"column_inner\"><label><span class=\"wpcf7-form-control-wrap your-country\"><select name=\"your-country\" class=\"wpcf7-form-control wpcf7-select wpcf7-validates-as-required\" aria-required=\"true\" aria-invalid=\"false\"><option value=\"\">---<\/option><option value=\"Afganist\u00e1n\">Afganist\u00e1n<\/option><option value=\"Angola\">Angola<\/option><option value=\"Albania\">Albania<\/option><option value=\"Andorra\">Andorra<\/option><option value=\"Emiratos \u00c1rabes Unidos\">Emiratos \u00c1rabes Unidos<\/option><option value=\"Argentina\">Argentina<\/option><option value=\"Armenia\">Armenia<\/option><option value=\"Antigua and Barbuda\">Antigua and Barbuda<\/option><option value=\"Australia\">Australia<\/option><option value=\"Austria\">Austria<\/option><option value=\"Azerbay\u00e1n\">Azerbay\u00e1n<\/option><option value=\"Burundi\">Burundi<\/option><option value=\"B\u00e9lgica\">B\u00e9lgica<\/option><option value=\"Ben\u00edn\">Ben\u00edn<\/option><option value=\"Burkina Faso\">Burkina Faso<\/option><option value=\"Bangladesh\">Bangladesh<\/option><option value=\"Bulgaria\">Bulgaria<\/option><option value=\"Bahrein\">Bahrein<\/option><option value=\"Bahamas\">Bahamas<\/option><option value=\"Bosnia and Herzegovina\">Bosnia and Herzegovina<\/option><option value=\"Bielorrusia\">Bielorrusia<\/option><option value=\"Belice\">Belice<\/option><option value=\"Bolivia\">Bolivia<\/option><option value=\"Brasil\">Brasil<\/option><option value=\"Barbados\">Barbados<\/option><option value=\"Brun\u00e9i\">Brun\u00e9i<\/option><option value=\"Bhut\u00e1n\">Bhut\u00e1n<\/option><option value=\"Botsuana\">Botsuana<\/option><option value=\"Rep\u00fablica Centroafricana\">Rep\u00fablica Centroafricana<\/option><option value=\"Canada\">Canada<\/option><option value=\"Suiza\">Suiza<\/option><option value=\"Chile\">Chile<\/option><option value=\"China\">China<\/option><option value=\"Costa de Marfil\">Costa de Marfil<\/option><option value=\"Camer\u00fan\">Camer\u00fan<\/option><option value=\"Congo, Rep\u00fablica Democr\u00e1tica del\">Congo, Rep\u00fablica Democr\u00e1tica del<\/option><option value=\"Congo\">Congo<\/option><option value=\"Colombia\">Colombia<\/option><option value=\"Comoras\">Comoras<\/option><option value=\"Cabo Verde\">Cabo Verde<\/option><option value=\"Costa Rica\">Costa Rica<\/option><option value=\"Cuba\">Cuba<\/option><option value=\"Chipre\">Chipre<\/option><option value=\"Rep\u00fablica Checa\">Rep\u00fablica Checa<\/option><option value=\"Alemania\">Alemania<\/option><option value=\"Yibuti\">Yibuti<\/option><option value=\"Dominica\">Dominica<\/option><option value=\"Dinamarca\">Dinamarca<\/option><option value=\"Rep\u00fablica Dominicana\">Rep\u00fablica Dominicana<\/option><option value=\"Argelia\">Argelia<\/option><option value=\"Ecuador\">Ecuador<\/option><option value=\"Egipto\">Egipto<\/option><option value=\"Eritrea\">Eritrea<\/option><option value=\"Espa\u00f1a\">Espa\u00f1a<\/option><option value=\"Estonia\">Estonia<\/option><option value=\"Etiop\u00eda\">Etiop\u00eda<\/option><option value=\"Finlandia\">Finlandia<\/option><option value=\"Fiji\">Fiji<\/option><option value=\"Francia\">Francia<\/option><option value=\"Micronesia\">Micronesia<\/option><option value=\"Gabon\">Gabon<\/option><option value=\"Reino Unido\">Reino Unido<\/option><option value=\"Georgia\">Georgia<\/option><option value=\"Ghana\">Ghana<\/option><option value=\"Guinea\">Guinea<\/option><option value=\"Gambia\">Gambia<\/option><option value=\"Guinea-Bissau\">Guinea-Bissau<\/option><option value=\"Guinea Ecuatorial\">Guinea Ecuatorial<\/option><option value=\"Grecia\">Grecia<\/option><option value=\"Granada\">Granada<\/option><option value=\"Guatemala\">Guatemala<\/option><option value=\"Guyana\">Guyana<\/option><option value=\"Honduras\">Honduras<\/option><option value=\"Croacia\">Croacia<\/option><option value=\"Hait\u00ed\">Hait\u00ed<\/option><option value=\"Hungr\u00eda\">Hungr\u00eda<\/option><option value=\"Indonesia\">Indonesia<\/option><option value=\"India\">India<\/option><option value=\"Irlanda\">Irlanda<\/option><option value=\"Ir\u00e1n, Rep\u00fablica Isl\u00e1mica de\">Ir\u00e1n, Rep\u00fablica Isl\u00e1mica de<\/option><option value=\"Irak\">Irak<\/option><option value=\"Islandia\">Islandia<\/option><option value=\"Israel\">Israel<\/option><option value=\"Italia\">Italia<\/option><option value=\"Jamaica\">Jamaica<\/option><option value=\"Jordania\">Jordania<\/option><option value=\"Jap\u00f3n\">Jap\u00f3n<\/option><option value=\"Kazajist\u00e1n\">Kazajist\u00e1n<\/option><option value=\"Kenia\">Kenia<\/option><option value=\"Kirgizst\u00e1n\">Kirgizst\u00e1n<\/option><option value=\"Camboya\">Camboya<\/option><option value=\"Kiribati\">Kiribati<\/option><option value=\"Saint Kitts and Nevis\">Saint Kitts and Nevis<\/option><option value=\"Corea del Sur\">Corea del Sur<\/option><option value=\"Kuwait\">Kuwait<\/option><option value=\"Rep\u00fablica Popular Democr\u00e1tica de Laos\">Rep\u00fablica Popular Democr\u00e1tica de Laos<\/option><option value=\"Lebanon\">Lebanon<\/option><option value=\"Liberia\">Liberia<\/option><option value=\"Libia\">Libia<\/option><option value=\"Santa Luc\u00eda\">Santa Luc\u00eda<\/option><option value=\"Liechtenstein\">Liechtenstein<\/option><option value=\"Sri Lanka\">Sri Lanka<\/option><option value=\"Lesoto\">Lesoto<\/option><option value=\"Lituania\">Lituania<\/option><option value=\"Luxemburgo\">Luxemburgo<\/option><option value=\"Letonia\">Letonia<\/option><option value=\"Marruecos\">Marruecos<\/option><option value=\"Monaco\">Monaco<\/option><option value=\"Moldavia\">Moldavia<\/option><option value=\"Madagascar\">Madagascar<\/option><option value=\"Islas Maldivas\">Islas Maldivas<\/option><option value=\"Mexico\">Mexico<\/option><option value=\"Islas Marshall\">Islas Marshall<\/option><option value=\"Maced\u00f4nia\">Maced\u00f4nia<\/option><option value=\"Mali\">Mali<\/option><option value=\"Malta\">Malta<\/option><option value=\"Birmania\">Birmania<\/option><option value=\"Montenegro\">Montenegro<\/option><option value=\"Mongolia\">Mongolia<\/option><option value=\"Mozambique\">Mozambique<\/option><option value=\"Mauritania\">Mauritania<\/option><option value=\"Mauricio\">Mauricio<\/option><option value=\"Malawi\">Malawi<\/option><option value=\"Malasia\">Malasia<\/option><option value=\"Namibia\">Namibia<\/option><option value=\"Niger\">Niger<\/option><option value=\"Nigeria\">Nigeria<\/option><option value=\"Nicaragua\">Nicaragua<\/option><option value=\"Pa\u00edses Bajos\">Pa\u00edses Bajos<\/option><option value=\"Norway\">Norway<\/option><option value=\"Nepal\">Nepal<\/option><option value=\"Nauru\">Nauru<\/option><option value=\"Nueva Zelanda\">Nueva Zelanda<\/option><option value=\"Om\u00e1n\">Om\u00e1n<\/option><option value=\"Pakist\u00e1n\">Pakist\u00e1n<\/option><option value=\"Panam\u00e1\">Panam\u00e1<\/option><option value=\"Per\u00fa\">Per\u00fa<\/option><option value=\"Filipinas\">Filipinas<\/option><option value=\"Palau\">Palau<\/option><option value=\"Pap\u00faa Nueva Guinea\">Pap\u00faa Nueva Guinea<\/option><option value=\"Polonia\">Polonia<\/option><option value=\"Corea del Norte\">Corea del Norte<\/option><option value=\"Portugal\">Portugal<\/option><option value=\"Paraguay\">Paraguay<\/option><option value=\"Qatar\">Qatar<\/option><option value=\"Ruman\u00eda\">Ruman\u00eda<\/option><option value=\"Rusia\">Rusia<\/option><option value=\"Ruanda\">Ruanda<\/option><option value=\"Arabia Saudita\">Arabia Saudita<\/option><option value=\"Sud\u00e1n\">Sud\u00e1n<\/option><option value=\"Senegal\">Senegal<\/option><option value=\"Singapur\">Singapur<\/option><option value=\"Solomon Islands\">Solomon Islands<\/option><option value=\"Sierra Leona\">Sierra Leona<\/option><option value=\"El Salvador\">El Salvador<\/option><option value=\"San Marino\">San Marino<\/option><option value=\"Somalia\">Somalia<\/option><option value=\"Serbia\">Serbia<\/option><option value=\"Sud\u00e1n del Sur\">Sud\u00e1n del Sur<\/option><option value=\"Santo Tom\u00e9 y Pr\u00edncipe\">Santo Tom\u00e9 y Pr\u00edncipe<\/option><option value=\"Surin\u00e1m\">Surin\u00e1m<\/option><option value=\"Eslovaquia\">Eslovaquia<\/option><option value=\"Eslovenia\">Eslovenia<\/option><option value=\"Suecia\">Suecia<\/option><option value=\"Swazilandia\">Swazilandia<\/option><option value=\"Seychelles\">Seychelles<\/option><option value=\"Siria\">Siria<\/option><option value=\"Chad\">Chad<\/option><option value=\"Togo\">Togo<\/option><option value=\"Tailandia\">Tailandia<\/option><option value=\"Tadjikist\u00e1n\">Tadjikist\u00e1n<\/option><option value=\"Turkmenistan\">Turkmenistan<\/option><option value=\"Timor Oriental\">Timor Oriental<\/option><option value=\"Tonga\">Tonga<\/option><option value=\"Trinidad y Tobago\">Trinidad y Tobago<\/option><option value=\"Tunez\">Tunez<\/option><option value=\"Turqu\u00eda\">Turqu\u00eda<\/option><option value=\"Tuvalu\">Tuvalu<\/option><option value=\"Tanzania\">Tanzania<\/option><option value=\"Uganda\">Uganda<\/option><option value=\"Ucrania\">Ucrania<\/option><option value=\"Uruguay\">Uruguay<\/option><option value=\"Estados Unidos de Am\u00e9rica\">Estados Unidos de Am\u00e9rica<\/option><option value=\"Uzbekist\u00e1n\">Uzbekist\u00e1n<\/option><option value=\"San Vicente y las Granadinas\">San Vicente y las Granadinas<\/option><option value=\"Venezuela\">Venezuela<\/option><option value=\"Vietnam\">Vietnam<\/option><option value=\"Vanuatu\">Vanuatu<\/option><option value=\"Samoa\">Samoa<\/option><option value=\"Yemen\">Yemen<\/option><option value=\"Sud\u00e1frica\">Sud\u00e1frica<\/option><option value=\"Zambia\">Zambia<\/option><option value=\"Zimbabwe\">Zimbabwe<\/option><\/select><\/span><\/label><\/div>\n<\/div>\n<div class=\"column2\">\n<div class=\"column_inner\"><label><span class=\"wpcf7-form-control-wrap your-state\"><input type=\"text\" name=\"your-state\" value=\"\" size=\"40\" class=\"wpcf7-form-control wpcf7-text wpcf7-validates-as-required\" aria-required=\"true\" aria-invalid=\"false\" placeholder=\"Provincia\" \/><\/span><\/label><\/div>\n<\/div>\n<\/div>\n<div class=\"two_columns_50_50 clearfix\">\n<div class=\"column1\">\n<div class=\"column_inner\"><label><span class=\"wpcf7-form-control-wrap your-postalcode\"><input type=\"number\" name=\"your-postalcode\" value=\"\" class=\"wpcf7-form-control wpcf7-number wpcf7-validates-as-required wpcf7-validates-as-number\" aria-required=\"true\" aria-invalid=\"false\" placeholder=\"C\u00f3digo postal\" \/><\/span><\/label><\/div>\n<\/div>\n<div class=\"column2\">\n<div class=\"column_inner\"><label><span class=\"wpcf7-form-control-wrap your-tel\"><input type=\"tel\" name=\"your-tel\" value=\"\" size=\"40\" class=\"wpcf7-form-control wpcf7-text wpcf7-tel wpcf7-validates-as-required wpcf7-validates-as-tel\" aria-required=\"true\" aria-invalid=\"false\" placeholder=\"Tel\u00e9fono\" \/><\/span><\/label><\/div>\n<\/div>\n<\/div>\n<div class=\"two_columns_50_50 clearfix\">\n<div class=\"column1\">\n<div class=\"column_inner\"><label><span class=\"wpcf7-form-control-wrap your-yearsoperation\"><select name=\"your-yearsoperation\" class=\"wpcf7-form-control wpcf7-select wpcf7-validates-as-required\" aria-required=\"true\" aria-invalid=\"false\"><option value=\"\">---<\/option><option value=\"1 a\u00f1o en funcionamiento\">1 a\u00f1o en funcionamiento<\/option><option value=\"2 a 4 a\u00f1os en funcionamiento\">2 a 4 a\u00f1os en funcionamiento<\/option><option value=\"5 a 10 a\u00f1os en funcionamiento\">5 a 10 a\u00f1os en funcionamiento<\/option><option value=\"11 a 20 a\u00f1os en funcionamiento\">11 a 20 a\u00f1os en funcionamiento<\/option><option value=\"21 a 30 a\u00f1os en funcionamiento\">21 a 30 a\u00f1os en funcionamiento<\/option><option value=\"M\u00e1s de 30 a\u00f1os en funcionamiento\">M\u00e1s de 30 a\u00f1os en funcionamiento<\/option><\/select><\/span><\/label><\/div>\n<\/div>\n<div class=\"column2\">\n<div class=\"column_inner\"><label><span class=\"wpcf7-form-control-wrap your-industry\"><select name=\"your-industry\" class=\"wpcf7-form-control wpcf7-select wpcf7-validates-as-required\" aria-required=\"true\" aria-invalid=\"false\"><option value=\"\">---<\/option><option value=\"El\u00e9ctrica \/ E-Movilidad\">El\u00e9ctrica \/ E-Movilidad<\/option><option value=\"Distribuidor automotriz\">Distribuidor automotriz<\/option><\/select><\/span><\/label><\/div>\n<\/div>\n<\/div>\n<p><label><span class=\"wpcf7-form-control-wrap your-message\"><textarea name=\"your-message\" cols=\"40\" rows=\"10\" class=\"wpcf7-form-control wpcf7-textarea wpcf7-validates-as-required\" aria-required=\"true\" aria-invalid=\"false\" placeholder=\"H\u00e1ganos saber m\u00e1s sobre su inter\u00e9s\"><\/textarea><\/span><\/label><\/p>\n<p><label><!-- Mailchimp for WordPress v4.8.5 - https:\/\/www.mc4wp.com\/ --><input type=\"hidden\" name=\"_mc4wp_subscribe_contact-form-7\" value=\"0\" \/><span class=\" mc4wp-checkbox mc4wp-checkbox-contact-form-7\" ><label><input type=\"checkbox\" name=\"_mc4wp_subscribe_contact-form-7\" value=\"1\"  \/><span>Inscr\u00edbeme en la newsletter!<\/span><\/label><\/span><!-- \/ Mailchimp for WordPress --> <\/label><\/p>\n<p class=\"rgpd_forms\">De conformidad con lo establecido en el <strong>REGLAMENTO (UE) 2016\/679<\/strong> de protecci\u00f3n de datos de car\u00e1cter personal, le informamos que los datos que usted nos facilite ser\u00e1n utilizados con la \u00fanica finalidad de responder a su consulta.<\/p>\n<p class=\"rgpd_forms_acceptance\"><span class=\"wpcf7-form-control-wrap acceptance-572\"><span class=\"wpcf7-form-control wpcf7-acceptance\"><span class=\"wpcf7-list-item\"><input type=\"checkbox\" name=\"acceptance-572\" value=\"1\" aria-invalid=\"false\" \/><\/span><\/span><\/span> Acepto la <a href=\"\/privacy-policy\/\" target=\"blank\" rel=\"nofollow\">pol\u00edtica de privacidad de expannia.com<\/a><\/p>\n<p><input type=\"submit\" value=\"Enviar formulario\" class=\"wpcf7-form-control wpcf7-submit\" \/><\/p>\n<div class=\"wpcf7-response-output\" aria-hidden=\"true\"><\/div><\/form><\/div>[\/vc_column_inner][\/vc_row_inner][\/vc_column][\/vc_row]<\/p>\n","protected":false},"excerpt":{"rendered":"<p>[vc_row css_animation=\u00bb\u00bb row_type=\u00bbrow\u00bb use_row_as_full_screen_section=\u00bbno\u00bb type=\u00bbgrid\u00bb angled_section=\u00bbno\u00bb text_align=\u00bbcenter\u00bb background_image_as_pattern=\u00bbwithout_pattern\u00bb z_index=\u00bb\u00bb padding_bottom=\u00bb80&#8243; el_class=\u00bbbecome-dealer distribuidores\u00bb padding_top=\u00bb60&#8243; css=\u00bb.vc_custom_1625152271250{background-color: #1fada1 !important;}\u00bb][vc_column][vc_single_image image=\u00bb14910&#8243; img_size=\u00bbfull\u00bb alignment=\u00bbcenter\u00bb qode_css_animation=\u00bb\u00bb el_class=\u00bbicono_cabecera\u00bb][vc_column_text] Convi\u00e9rtete en distribuidor [\/vc_column_text][vc_empty_space height=\u00bb5px\u00bb][vc_column_text] Complete el formulario si est\u00e1 interesado en convertirse en distribuidor de Expannia [\/vc_column_text][vc_empty_space height=\u00bb50px\u00bb][vc_row_inner row_type=\u00bbrow\u00bb type=\u00bbgrid\u00bb text_align=\u00bbleft\u00bb css_animation=\u00bb\u00bb el_class=\u00bbbecome-dealer-columnas\u00bb][vc_column_inner][\/vc_column_inner][\/vc_row_inner][\/vc_column][\/vc_row]<\/p>\n","protected":false},"author":1,"featured_media":15440,"parent":0,"menu_order":26,"comment_status":"closed","ping_status":"closed","template":"full_width.php","meta":[],"yoast_head":"<!-- This site is optimized with the Yoast SEO plugin v16.5 - https:\/\/yoast.com\/wordpress\/plugins\/seo\/ -->\n<title>Distribuidores - Expannia Motors<\/title>\n<meta name=\"robots\" content=\"index, follow, max-snippet:-1, max-image-preview:large, max-video-preview:-1\" \/>\n<link rel=\"canonical\" href=\"https:\/\/expannia.com\/es\/distribuidores\/\" \/>\n<meta property=\"og:locale\" content=\"es_ES\" \/>\n<meta property=\"og:type\" content=\"article\" \/>\n<meta property=\"og:title\" content=\"Distribuidores - Expannia Motors\" \/>\n<meta property=\"og:description\" content=\"[vc_row css_animation=\u00bb\u00bb row_type=\u00bbrow\u00bb use_row_as_full_screen_section=\u00bbno\u00bb type=\u00bbgrid\u00bb angled_section=\u00bbno\u00bb text_align=\u00bbcenter\u00bb background_image_as_pattern=\u00bbwithout_pattern\u00bb z_index=\u00bb\u00bb padding_bottom=\u00bb80&#8243; el_class=\u00bbbecome-dealer distribuidores\u00bb padding_top=\u00bb60&#8243; css=\u00bb.vc_custom_1625152271250{background-color: #1fada1 !important;}\u00bb][vc_column][vc_single_image image=\u00bb14910&#8243; img_size=\u00bbfull\u00bb alignment=\u00bbcenter\u00bb qode_css_animation=\u00bb\u00bb el_class=\u00bbicono_cabecera\u00bb][vc_column_text] Convi\u00e9rtete en distribuidor [\/vc_column_text][vc_empty_space height=\u00bb5px\u00bb][vc_column_text] Complete el formulario si est\u00e1 interesado en convertirse en distribuidor de Expannia [\/vc_column_text][vc_empty_space height=\u00bb50px\u00bb][vc_row_inner row_type=\u00bbrow\u00bb type=\u00bbgrid\u00bb text_align=\u00bbleft\u00bb css_animation=\u00bb\u00bb el_class=\u00bbbecome-dealer-columnas\u00bb][vc_column_inner][\/vc_column_inner][\/vc_row_inner][\/vc_column][\/vc_row]\" \/>\n<meta property=\"og:url\" content=\"https:\/\/expannia.com\/es\/distribuidores\/\" \/>\n<meta property=\"og:site_name\" content=\"Expannia Motors\" \/>\n<meta property=\"article:publisher\" content=\"https:\/\/www.facebook.com\/expannia\" \/>\n<meta property=\"article:modified_time\" content=\"2021-07-01T16:29:37+00:00\" \/>\n<meta property=\"og:image\" content=\"https:\/\/expannia.com\/wp-content\/uploads\/expannia-main-image-bn-1.png\" \/>\n\t<meta property=\"og:image:width\" content=\"1024\" \/>\n\t<meta property=\"og:image:height\" content=\"691\" \/>\n<meta name=\"twitter:card\" content=\"summary_large_image\" \/>\n<meta name=\"twitter:label1\" content=\"Tiempo de lectura\" \/>\n\t<meta name=\"twitter:data1\" content=\"1 minuto\" \/>\n<script type=\"application\/ld+json\" class=\"yoast-schema-graph\">{\"@context\":\"https:\/\/schema.org\",\"@graph\":[{\"@type\":\"Organization\",\"@id\":\"https:\/\/expannia.com\/#organization\",\"name\":\"Expannia Motors - A New Generation of Electric Vehicles\",\"url\":\"https:\/\/expannia.com\/\",\"sameAs\":[\"https:\/\/www.facebook.com\/expannia\",\"https:\/\/www.instagram.com\/expannia\/\",\"https:\/\/www.linkedin.com\/company\/expanniamotors\",\"https:\/\/www.youtube.com\/channel\/UCVyhNsd_DI_gEwqP9bZxrrA\"],\"logo\":{\"@type\":\"ImageObject\",\"@id\":\"https:\/\/expannia.com\/#logo\",\"inLanguage\":\"es\",\"url\":\"https:\/\/expannia.com\/wp-content\/uploads\/expannia-main-image-bn.png\",\"contentUrl\":\"https:\/\/expannia.com\/wp-content\/uploads\/expannia-main-image-bn.png\",\"width\":1024,\"height\":691,\"caption\":\"Expannia Motors - A New Generation of Electric Vehicles\"},\"image\":{\"@id\":\"https:\/\/expannia.com\/#logo\"}},{\"@type\":\"WebSite\",\"@id\":\"https:\/\/expannia.com\/#website\",\"url\":\"https:\/\/expannia.com\/\",\"name\":\"Expannia Motors\",\"description\":\"Una nueva generaci\\u00f3n de veh\\u00edculos el\\u00e9ctricos\",\"publisher\":{\"@id\":\"https:\/\/expannia.com\/#organization\"},\"potentialAction\":[{\"@type\":\"SearchAction\",\"target\":\"https:\/\/expannia.com\/?s={search_term_string}\",\"query-input\":\"required name=search_term_string\"}],\"inLanguage\":\"es\"},{\"@type\":\"ImageObject\",\"@id\":\"https:\/\/expannia.com\/es\/distribuidores\/#primaryimage\",\"inLanguage\":\"es\",\"url\":\"https:\/\/expannia.com\/wp-content\/uploads\/expannia-main-image-bn-1.png\",\"contentUrl\":\"https:\/\/expannia.com\/wp-content\/uploads\/expannia-main-image-bn-1.png\",\"width\":1024,\"height\":691},{\"@type\":\"WebPage\",\"@id\":\"https:\/\/expannia.com\/es\/distribuidores\/#webpage\",\"url\":\"https:\/\/expannia.com\/es\/distribuidores\/\",\"name\":\"Distribuidores - Expannia Motors\",\"isPartOf\":{\"@id\":\"https:\/\/expannia.com\/#website\"},\"primaryImageOfPage\":{\"@id\":\"https:\/\/expannia.com\/es\/distribuidores\/#primaryimage\"},\"datePublished\":\"2021-07-01T15:02:21+00:00\",\"dateModified\":\"2021-07-01T16:29:37+00:00\",\"breadcrumb\":{\"@id\":\"https:\/\/expannia.com\/es\/distribuidores\/#breadcrumb\"},\"inLanguage\":\"es\",\"potentialAction\":[{\"@type\":\"ReadAction\",\"target\":[\"https:\/\/expannia.com\/es\/distribuidores\/\"]}]},{\"@type\":\"BreadcrumbList\",\"@id\":\"https:\/\/expannia.com\/es\/distribuidores\/#breadcrumb\",\"itemListElement\":[{\"@type\":\"ListItem\",\"position\":1,\"name\":\"Home\",\"item\":\"https:\/\/expannia.com\/es\/\"},{\"@type\":\"ListItem\",\"position\":2,\"name\":\"Distribuidores\"}]}]}<\/script>\n<!-- \/ Yoast SEO plugin. -->","_links":{"self":[{"href":"https:\/\/expannia.com\/es\/wp-json\/wp\/v2\/pages\/15466"}],"collection":[{"href":"https:\/\/expannia.com\/es\/wp-json\/wp\/v2\/pages"}],"about":[{"href":"https:\/\/expannia.com\/es\/wp-json\/wp\/v2\/types\/page"}],"author":[{"embeddable":true,"href":"https:\/\/expannia.com\/es\/wp-json\/wp\/v2\/users\/1"}],"replies":[{"embeddable":true,"href":"https:\/\/expannia.com\/es\/wp-json\/wp\/v2\/comments?post=15466"}],"version-history":[{"count":0,"href":"https:\/\/expannia.com\/es\/wp-json\/wp\/v2\/pages\/15466\/revisions"}],"wp:featuredmedia":[{"embeddable":true,"href":"https:\/\/expannia.com\/es\/wp-json\/wp\/v2\/media\/15440"}],"wp:attachment":[{"href":"https:\/\/expannia.com\/es\/wp-json\/wp\/v2\/media?parent=15466"}],"curies":[{"name":"wp","href":"https:\/\/api.w.org\/{rel}","templated":true}]}}