{"id":15460,"date":"2021-06-29T17:37:38","date_gmt":"2021-06-29T15:37:38","guid":{"rendered":"https:\/\/expannia.com\/?page_id=15460"},"modified":"2022-10-26T17:52:30","modified_gmt":"2022-10-26T15:52:30","slug":"micro-car","status":"publish","type":"page","link":"https:\/\/expannia.com\/es\/vehiculos\/micro-car\/","title":{"rendered":"Micro Car"},"content":{"rendered":"<p>[vc_row css_animation=\u00bb\u00bb row_type=\u00bbrow\u00bb use_row_as_full_screen_section=\u00bbno\u00bb type=\u00bbfull_width\u00bb angled_section=\u00bbno\u00bb text_align=\u00bbleft\u00bb background_image_as_pattern=\u00bbwithout_pattern\u00bb][vc_column][layerslider_vc id=\u00bb23&#8243; el_class=\u00bblayer-slider-banner\u00bb][\/vc_column][\/vc_row][vc_row css_animation=\u00bb\u00bb row_type=\u00bbrow\u00bb use_row_as_full_screen_section=\u00bbno\u00bb type=\u00bbgrid\u00bb angled_section=\u00bbno\u00bb text_align=\u00bbcenter\u00bb background_image_as_pattern=\u00bbwithout_pattern\u00bb z_index=\u00bb\u00bb css=\u00bb.vc_custom_1664295087236{background-color: #1fada1 !important;}\u00bb el_class=\u00bbbuy-yours-now\u00bb padding_top=\u00bb60&#8243; padding_bottom=\u00bb80&#8243; anchor=\u00bbbuy-yours-now\u00bb][vc_column][vc_single_image image=\u00bb14910&#8243; img_size=\u00bbfull\u00bb alignment=\u00bbcenter\u00bb qode_css_animation=\u00bb\u00bb el_class=\u00bbicono_cabecera\u00bb][vc_column_text]<\/p>\n<h2>Reserva tu Micro Car Expannia<\/h2>\n<p>[\/vc_column_text][vc_empty_space height=\u00bb5px\u00bb][vc_column_text]<\/p>\n<h4>Por solo $150<\/h4>\n<p>[\/vc_column_text][vc_empty_space height=\u00bb20px\u00bb][vc_row_inner row_type=\u00bbrow\u00bb type=\u00bbfull_width\u00bb text_align=\u00bbcenter\u00bb css_animation=\u00bb\u00bb][vc_column_inner][vc_empty_space height=\u00bb30px\u00bb]<a  itemprop=\"url\" href=\"https:\/\/expannia.com\/shop\/?add-to-cart=15756\" target=\"_self\" data-hover-background-color='#ffffff' data-hover-border-color='#ffffff' data-hover-color='#222222' class=\"qbutton  large center default\" style=\"color: #1fada1; border-color: #ffffff; background-color: #ffffff;\">RES\u00c9RVALO AHORA<\/a>[\/vc_column_inner][\/vc_row_inner][\/vc_column][\/vc_row][vc_row css_animation=\u00bb\u00bb row_type=\u00bbrow\u00bb use_row_as_full_screen_section=\u00bbno\u00bb type=\u00bbgrid\u00bb angled_section=\u00bbno\u00bb text_align=\u00bbcenter\u00bb background_image_as_pattern=\u00bbwithout_pattern\u00bb el_class=\u00bbvehicles-characteristics\u00bb z_index=\u00bb\u00bb padding_bottom=\u00bb20&#8243; padding_top=\u00bb80&#8243;][vc_column]<div class=\"qode-advanced-tabs qode-advanced-tabs qode-advanced-horizontal-tab clearfix qode-advanced-tab-without-icon qode-advanced-tabs-column-1 clearfix\">\n\t<ul class=\"qode-advanced-tabs-nav\">\n\t\t\t\t\t<li>\n\t\t\t\t<h5>\n\t\t\t\t\t<a href=\"#tab-micro-car-expannia\">\n\t\t\t\t\t\t\n\t\t\t\t\t\t\t\t\t\t\t\t\t<span class=\"qode-advanced-tab-text-after-icon\">\n\t\t\t\t\t\t\t\tMicro Car Expannia\t\t\t\t\t\t\t<\/span>\n\t\t\t\t\t\t\t\t\t\t\t<\/a>\n\t\t\t\t<\/h5>\n\t\t\t<\/li>\n\t\t\t<\/ul>\n\t<div class=\"qode-advanced-tab-container\" id=\"tab-micro-car-expannia-944\" data-icon-pack=\"\" data-icon-html=\"\">[vc_row_inner row_type=\u00bbrow\u00bb type=\u00bbfull_width\u00bb text_align=\u00bbleft\u00bb css_animation=\u00bb\u00bb][vc_column_inner width=\u00bb1\/2&#8243;]<div class=\"qode-specification-list\">\n\t\t<div class=\"qode-specification-list-text-holder\">\n\t\t<h3 class=\"qode-specification-list-title\">\n\t\t\t\t\t<\/h3>\n\t\t<div class=\"qode-specification-list-items\">\n\t\t\t\t\t\t\t<div class=\"qode-specification-list-item\">\n\t\t\t\t\t<span class=\"qode-specification-list-item-label\">\n\t\t\t\t\t\tPotencia Nominal (Pico):\t\t\t\t\t<\/span>\n\t\t\t\t\t<span class=\"qode-specification-list-item-value\">\n\t\t\t\t\t\t60 KW (82 CV)\t\t\t\t\t<\/span>\n\t\t\t\t<\/div>\n\t\t\t\t\t\t\t<div class=\"qode-specification-list-item\">\n\t\t\t\t\t<span class=\"qode-specification-list-item-label\">\n\t\t\t\t\t\tCapacidad Bater\u00eda:\t\t\t\t\t<\/span>\n\t\t\t\t\t<span class=\"qode-specification-list-item-value\">\n\t\t\t\t\t\t21,4 kWh\t\t\t\t\t<\/span>\n\t\t\t\t<\/div>\n\t\t\t\t\t\t\t<div class=\"qode-specification-list-item\">\n\t\t\t\t\t<span class=\"qode-specification-list-item-label\">\n\t\t\t\t\t\tAutonom\u00eda M\u00e1xima:\t\t\t\t\t<\/span>\n\t\t\t\t\t<span class=\"qode-specification-list-item-value\">\n\t\t\t\t\t\t190 Km\t\t\t\t\t<\/span>\n\t\t\t\t<\/div>\n\t\t\t\t\t\t\t<div class=\"qode-specification-list-item\">\n\t\t\t\t\t<span class=\"qode-specification-list-item-label\">\n\t\t\t\t\t\tVelocidad M\u00e1xima:\t\t\t\t\t<\/span>\n\t\t\t\t\t<span class=\"qode-specification-list-item-value\">\n\t\t\t\t\t\t130 Km\/h\t\t\t\t\t<\/span>\n\t\t\t\t<\/div>\n\t\t\t\t\t<\/div>\n\t<\/div>\n\t<\/div>[\/vc_column_inner][vc_column_inner width=\u00bb1\/2&#8243;]<div class='q_list circle'><\/p>\n<ul>\n<li><strong>Digital TFT Display<\/strong><\/li>\n<li><strong>Conectividad IoT (Localizaci\u00f3n GPS, Bluetooth, Llamadas, Alerta de robo\u2026)<\/strong><\/li>\n<li><strong>Sensores de Presi\u00f3n en Ruedas<\/strong><\/li>\n<li><strong>3 Modos de Conducci\u00f3n Gen\u00e9rica (Eco, Urban y Sport)<\/strong><\/li>\n<\/ul>\n<p><span style=\"display: block; color: #1fada1; padding-top: 15px;\"><strong>PRECIO: $25,000<br \/>\nPAGO DE RESERVA: $150 (Reserva totalmente reembolsable)<\/strong><\/span><\/p>\n<p><span style=\"color: #9999aa;\"><strong><em>Previsi\u00f3n de Entrega desde T2 2025<\/em><\/strong><\/span><\/p>\n<p>* <a href=\"https:\/\/expannia.com\/reservation-agreement\/\" target=\"_blank\" rel=\"noopener\">T\u00e9rminos y condiciones de reserva<\/a><\/div>[\/vc_column_inner][\/vc_row_inner][vc_separator type=\u00bbtransparent\u00bb up=\u00bb20&#8243;]<\/div><\/div>[\/vc_column][\/vc_row][vc_row css_animation=\u00bb\u00bb row_type=\u00bbrow\u00bb use_row_as_full_screen_section=\u00bbno\u00bb type=\u00bbgrid\u00bb angled_section=\u00bbno\u00bb text_align=\u00bbleft\u00bb background_image_as_pattern=\u00bbwithout_pattern\u00bb z_index=\u00bb\u00bb padding_top=\u00bb20&#8243; padding_bottom=\u00bb80&#8243;][vc_column][vc_column_text]<\/p>\n<h3>Reserva ya tu Micro Car Expannia<\/h3>\n<p><strong>Aceptaci\u00f3n de reservas \/ Dep\u00f3sito totalmente reembolsable de $150<\/strong><\/p>\n<p>Esta es su oportunidad de ser uno de los primeros en adoptar los veh\u00edculos revolucionarios de Expannia Motors<\/p>\n<p><strong>Paso 1<\/strong>: Proporcione su informaci\u00f3n.<br \/>\n<strong>Paso 2<\/strong>: Pague el dep\u00f3sito reembolsable de $150 con tarjeta de cr\u00e9dito o mediante transferencia bancaria.<br \/>\n<strong>Paso 3<\/strong>: Reserva completa.<br \/>\n<strong>Paso 4<\/strong>: El equipo de Expannia har\u00e1 un seguimiento directo y confirmar\u00e1 la reserva.<\/p>\n<p><strong>Expannia Micro Car<\/strong> estar\u00e1 disponible a un precio inicial de $25,000. El precio final se confirmar\u00e1 al realizar el pedido del veh\u00edculo.<\/p>\n<p>* <a href=\"https:\/\/expannia.com\/reservation-agreement\/\" target=\"_blank\" rel=\"noopener\">Acuerdo de Reserva<\/a>[\/vc_column_text][\/vc_column][\/vc_row][vc_row css_animation=\u00bb\u00bb row_type=\u00bbrow\u00bb use_row_as_full_screen_section=\u00bbno\u00bb type=\u00bbfull_width\u00bb angled_section=\u00bbno\u00bb text_align=\u00bbleft\u00bb background_image_as_pattern=\u00bbwithout_pattern\u00bb z_index=\u00bb\u00bb][vc_column]<div class=\"qode-advanced-image-gallery  qode-aig-slider-type qode-no-space   \">\n\t<div class=\"qode-aig-slider qode-owl-slider\" data-number-of-items=\"1\" data-enable-loop=\"yes\" data-enable-autoplay=\"yes\" data-slider-speed=\"4000\" data-slider-speed-animation=\"600\" data-slider-padding=\"no\" data-enable-navigation=\"no\" data-enable-pagination=\"yes\">\n\t\t\t\t\t<div class=\"qode-aig-image\">\n\t\t\t\t\t\t\t\t\t<img width=\"1900\" height=\"1080\" src=\"https:\/\/expannia.com\/wp-content\/uploads\/Expannia-Micro-Car-Slider-2-1.jpg\" class=\"attachment-full size-full wvs-attachment-image\" alt=\"\" loading=\"lazy\" srcset=\"https:\/\/expannia.com\/wp-content\/uploads\/Expannia-Micro-Car-Slider-2-1.jpg 1900w, https:\/\/expannia.com\/wp-content\/uploads\/Expannia-Micro-Car-Slider-2-1-600x341.jpg 600w, https:\/\/expannia.com\/wp-content\/uploads\/Expannia-Micro-Car-Slider-2-1-300x171.jpg 300w, https:\/\/expannia.com\/wp-content\/uploads\/Expannia-Micro-Car-Slider-2-1-1024x582.jpg 1024w, https:\/\/expannia.com\/wp-content\/uploads\/Expannia-Micro-Car-Slider-2-1-768x437.jpg 768w, https:\/\/expannia.com\/wp-content\/uploads\/Expannia-Micro-Car-Slider-2-1-1536x873.jpg 1536w, https:\/\/expannia.com\/wp-content\/uploads\/Expannia-Micro-Car-Slider-2-1-700x398.jpg 700w\" sizes=\"(max-width: 1900px) 100vw, 1900px\" \/>\t\t\t\t\t<span class=\"aig-gallery-hover\">\n\t\t\t\t\t\t\t\t\t\t\t<\/span>\n\t\t\t\t\t\t\t<\/div>\n\t\t\t<\/div>\n<\/div>[\/vc_column][\/vc_row]<\/p>\n","protected":false},"excerpt":{"rendered":"<p>[vc_row css_animation=\u00bb\u00bb row_type=\u00bbrow\u00bb use_row_as_full_screen_section=\u00bbno\u00bb type=\u00bbfull_width\u00bb angled_section=\u00bbno\u00bb text_align=\u00bbleft\u00bb background_image_as_pattern=\u00bbwithout_pattern\u00bb][vc_column][layerslider_vc id=\u00bb23&#8243; el_class=\u00bblayer-slider-banner\u00bb][\/vc_column][\/vc_row][vc_row css_animation=\u00bb\u00bb row_type=\u00bbrow\u00bb use_row_as_full_screen_section=\u00bbno\u00bb type=\u00bbgrid\u00bb angled_section=\u00bbno\u00bb text_align=\u00bbcenter\u00bb background_image_as_pattern=\u00bbwithout_pattern\u00bb z_index=\u00bb\u00bb css=\u00bb.vc_custom_1664295087236{background-color: #1fada1 !important;}\u00bb el_class=\u00bbbuy-yours-now\u00bb padding_top=\u00bb60&#8243; padding_bottom=\u00bb80&#8243; anchor=\u00bbbuy-yours-now\u00bb][vc_column][vc_single_image image=\u00bb14910&#8243; img_size=\u00bbfull\u00bb alignment=\u00bbcenter\u00bb qode_css_animation=\u00bb\u00bb el_class=\u00bbicono_cabecera\u00bb][vc_column_text] Reserva tu Micro Car Expannia [\/vc_column_text][vc_empty_space height=\u00bb5px\u00bb][vc_column_text] Por solo $150 [\/vc_column_text][vc_empty_space height=\u00bb20px\u00bb][vc_row_inner row_type=\u00bbrow\u00bb type=\u00bbfull_width\u00bb text_align=\u00bbcenter\u00bb&#8230;<\/p>\n","protected":false},"author":1,"featured_media":15453,"parent":15430,"menu_order":12,"comment_status":"closed","ping_status":"closed","template":"full_width.php","meta":[],"yoast_head":"<!-- This site is optimized with the Yoast SEO plugin v16.5 - https:\/\/yoast.com\/wordpress\/plugins\/seo\/ -->\n<title>Micro Car - Expannia Motors<\/title>\n<meta name=\"robots\" content=\"index, follow, max-snippet:-1, max-image-preview:large, max-video-preview:-1\" \/>\n<link rel=\"canonical\" href=\"https:\/\/expannia.com\/es\/vehiculos\/micro-car\/\" \/>\n<meta property=\"og:locale\" content=\"es_ES\" \/>\n<meta property=\"og:type\" content=\"article\" \/>\n<meta property=\"og:title\" content=\"Micro Car - Expannia Motors\" \/>\n<meta property=\"og:description\" content=\"[vc_row css_animation=\u00bb\u00bb row_type=\u00bbrow\u00bb use_row_as_full_screen_section=\u00bbno\u00bb type=\u00bbfull_width\u00bb angled_section=\u00bbno\u00bb text_align=\u00bbleft\u00bb background_image_as_pattern=\u00bbwithout_pattern\u00bb][vc_column][layerslider_vc id=\u00bb23&#8243; el_class=\u00bblayer-slider-banner\u00bb][\/vc_column][\/vc_row][vc_row css_animation=\u00bb\u00bb row_type=\u00bbrow\u00bb use_row_as_full_screen_section=\u00bbno\u00bb type=\u00bbgrid\u00bb angled_section=\u00bbno\u00bb text_align=\u00bbcenter\u00bb background_image_as_pattern=\u00bbwithout_pattern\u00bb z_index=\u00bb\u00bb css=\u00bb.vc_custom_1664295087236{background-color: #1fada1 !important;}\u00bb el_class=\u00bbbuy-yours-now\u00bb padding_top=\u00bb60&#8243; padding_bottom=\u00bb80&#8243; anchor=\u00bbbuy-yours-now\u00bb][vc_column][vc_single_image image=\u00bb14910&#8243; img_size=\u00bbfull\u00bb alignment=\u00bbcenter\u00bb qode_css_animation=\u00bb\u00bb el_class=\u00bbicono_cabecera\u00bb][vc_column_text] Reserva tu Micro Car Expannia [\/vc_column_text][vc_empty_space height=\u00bb5px\u00bb][vc_column_text] Por solo $150 [\/vc_column_text][vc_empty_space height=\u00bb20px\u00bb][vc_row_inner row_type=\u00bbrow\u00bb type=\u00bbfull_width\u00bb text_align=\u00bbcenter\u00bb...\" \/>\n<meta property=\"og:url\" content=\"https:\/\/expannia.com\/es\/vehiculos\/micro-car\/\" \/>\n<meta property=\"og:site_name\" content=\"Expannia Motors\" \/>\n<meta property=\"article:publisher\" content=\"https:\/\/www.facebook.com\/expannia\" \/>\n<meta property=\"article:modified_time\" content=\"2022-10-26T15:52:30+00:00\" \/>\n<meta property=\"og:image\" content=\"https:\/\/expannia.com\/wp-content\/uploads\/Micro-Car-1.jpg\" \/>\n\t<meta property=\"og:image:width\" content=\"1900\" \/>\n\t<meta property=\"og:image:height\" content=\"1080\" \/>\n<meta name=\"twitter:card\" content=\"summary_large_image\" \/>\n<meta name=\"twitter:label1\" content=\"Tiempo de lectura\" \/>\n\t<meta name=\"twitter:data1\" content=\"1 minuto\" \/>\n<script type=\"application\/ld+json\" class=\"yoast-schema-graph\">{\"@context\":\"https:\/\/schema.org\",\"@graph\":[{\"@type\":\"Organization\",\"@id\":\"https:\/\/expannia.com\/#organization\",\"name\":\"Expannia Motors - A New Generation of Electric Vehicles\",\"url\":\"https:\/\/expannia.com\/\",\"sameAs\":[\"https:\/\/www.facebook.com\/expannia\",\"https:\/\/www.instagram.com\/expannia\/\",\"https:\/\/www.linkedin.com\/company\/expanniamotors\",\"https:\/\/www.youtube.com\/channel\/UCVyhNsd_DI_gEwqP9bZxrrA\"],\"logo\":{\"@type\":\"ImageObject\",\"@id\":\"https:\/\/expannia.com\/#logo\",\"inLanguage\":\"es\",\"url\":\"https:\/\/expannia.com\/wp-content\/uploads\/expannia-main-image-bn.png\",\"contentUrl\":\"https:\/\/expannia.com\/wp-content\/uploads\/expannia-main-image-bn.png\",\"width\":1024,\"height\":691,\"caption\":\"Expannia Motors - A New Generation of Electric Vehicles\"},\"image\":{\"@id\":\"https:\/\/expannia.com\/#logo\"}},{\"@type\":\"WebSite\",\"@id\":\"https:\/\/expannia.com\/#website\",\"url\":\"https:\/\/expannia.com\/\",\"name\":\"Expannia Motors\",\"description\":\"Una nueva generaci\\u00f3n de veh\\u00edculos el\\u00e9ctricos\",\"publisher\":{\"@id\":\"https:\/\/expannia.com\/#organization\"},\"potentialAction\":[{\"@type\":\"SearchAction\",\"target\":\"https:\/\/expannia.com\/?s={search_term_string}\",\"query-input\":\"required name=search_term_string\"}],\"inLanguage\":\"es\"},{\"@type\":\"ImageObject\",\"@id\":\"https:\/\/expannia.com\/es\/vehiculos\/micro-car\/#primaryimage\",\"inLanguage\":\"es\",\"url\":\"https:\/\/expannia.com\/wp-content\/uploads\/Micro-Car-1.jpg\",\"contentUrl\":\"https:\/\/expannia.com\/wp-content\/uploads\/Micro-Car-1.jpg\",\"width\":1900,\"height\":1080},{\"@type\":\"WebPage\",\"@id\":\"https:\/\/expannia.com\/es\/vehiculos\/micro-car\/#webpage\",\"url\":\"https:\/\/expannia.com\/es\/vehiculos\/micro-car\/\",\"name\":\"Micro Car - Expannia Motors\",\"isPartOf\":{\"@id\":\"https:\/\/expannia.com\/#website\"},\"primaryImageOfPage\":{\"@id\":\"https:\/\/expannia.com\/es\/vehiculos\/micro-car\/#primaryimage\"},\"datePublished\":\"2021-06-29T15:37:38+00:00\",\"dateModified\":\"2022-10-26T15:52:30+00:00\",\"breadcrumb\":{\"@id\":\"https:\/\/expannia.com\/es\/vehiculos\/micro-car\/#breadcrumb\"},\"inLanguage\":\"es\",\"potentialAction\":[{\"@type\":\"ReadAction\",\"target\":[\"https:\/\/expannia.com\/es\/vehiculos\/micro-car\/\"]}]},{\"@type\":\"BreadcrumbList\",\"@id\":\"https:\/\/expannia.com\/es\/vehiculos\/micro-car\/#breadcrumb\",\"itemListElement\":[{\"@type\":\"ListItem\",\"position\":1,\"name\":\"Home\",\"item\":\"https:\/\/expannia.com\/es\/\"},{\"@type\":\"ListItem\",\"position\":2,\"name\":\"Veh\\u00edculos\",\"item\":\"https:\/\/expannia.com\/es\/vehiculos\/\"},{\"@type\":\"ListItem\",\"position\":3,\"name\":\"Micro Car\"}]}]}<\/script>\n<!-- \/ Yoast SEO plugin. -->","_links":{"self":[{"href":"https:\/\/expannia.com\/es\/wp-json\/wp\/v2\/pages\/15460"}],"collection":[{"href":"https:\/\/expannia.com\/es\/wp-json\/wp\/v2\/pages"}],"about":[{"href":"https:\/\/expannia.com\/es\/wp-json\/wp\/v2\/types\/page"}],"author":[{"embeddable":true,"href":"https:\/\/expannia.com\/es\/wp-json\/wp\/v2\/users\/1"}],"replies":[{"embeddable":true,"href":"https:\/\/expannia.com\/es\/wp-json\/wp\/v2\/comments?post=15460"}],"version-history":[{"count":0,"href":"https:\/\/expannia.com\/es\/wp-json\/wp\/v2\/pages\/15460\/revisions"}],"up":[{"embeddable":true,"href":"https:\/\/expannia.com\/es\/wp-json\/wp\/v2\/pages\/15430"}],"wp:featuredmedia":[{"embeddable":true,"href":"https:\/\/expannia.com\/es\/wp-json\/wp\/v2\/media\/15453"}],"wp:attachment":[{"href":"https:\/\/expannia.com\/es\/wp-json\/wp\/v2\/media?parent=15460"}],"curies":[{"name":"wp","href":"https:\/\/api.w.org\/{rel}","templated":true}]}}