{"id":15433,"date":"2021-06-21T20:02:01","date_gmt":"2021-06-21T18:02:01","guid":{"rendered":"https:\/\/expannia.com\/?page_id=15433"},"modified":"2021-07-16T09:48:32","modified_gmt":"2021-07-16T07:48:32","slug":"talento","status":"publish","type":"page","link":"https:\/\/expannia.com\/es\/talento\/","title":{"rendered":"Talento"},"content":{"rendered":"<p>[vc_row css_animation=\u00bb\u00bb row_type=\u00bbrow\u00bb use_row_as_full_screen_section=\u00bbno\u00bb type=\u00bbgrid\u00bb angled_section=\u00bbno\u00bb text_align=\u00bbcenter\u00bb background_image_as_pattern=\u00bbwithout_pattern\u00bb z_index=\u00bb\u00bb padding_bottom=\u00bb80&#8243; el_class=\u00bbcareers\u00bb padding_top=\u00bb60&#8243;][vc_column][vc_single_image image=\u00bb14909&#8243; img_size=\u00bbfull\u00bb alignment=\u00bbcenter\u00bb qode_css_animation=\u00bb\u00bb el_class=\u00bbicono_cabecera\u00bb][vc_column_text]<\/p>\n<h1>\u00bfQuieres unirte a nosotros?<\/h1>\n<p>[\/vc_column_text][vc_empty_space height=\u00bb5px\u00bb][vc_column_text]<\/p>\n<h4>Estamos dando forma a nuestro Consejo de Administraci\u00f3n y Equipo de Asesores. Buscamos personas con experiencia en la industria automotriz, startups de r\u00e1pido crecimiento, recaudaci\u00f3n de fondos, ventas y marketing.<\/h4>\n<p>[\/vc_column_text][vc_empty_space height=\u00bb50px\u00bb][vc_column_text]<\/p>\n<h2><span style=\"color: #9999aa;\">Consejo de Administraci\u00f3n<\/span><\/h2>\n<p>[\/vc_column_text][vc_row_inner row_type=\u00bbrow\u00bb type=\u00bbfull_width\u00bb text_align=\u00bbcenter\u00bb css_animation=\u00bb\u00bb el_class=\u00bbcareers-columnas\u00bb padding_top=\u00bb30&#8243; padding_bottom=\u00bb50&#8243;][vc_column_inner][vc_column_text el_class=\u00bbprofile\u00bb]<\/p>\n<h4><a href=\"mailto:info@expannia.com?subject=Chief%20Finantial%20And%20Investor%20Relations%20Officer%20\">Chief Finantial &amp; Investor Relations Officer<\/a><\/h4>\n<p>[\/vc_column_text][vc_column_text el_class=\u00bbprofile\u00bb]<\/p>\n<h4><a href=\"mailto:info@expannia.com?subject=Chief%20Business%20Development%20Officer\">Chief Business Development Officer<\/a><\/h4>\n<p>[\/vc_column_text][vc_column_text el_class=\u00bbprofile\u00bb]<\/p>\n<h4><a href=\"mailto:info@expannia.com?subject=Chief%20Sales%20And%20Commercial%20Officer\">Chief Sales &amp; Commercial Officer<\/a><\/h4>\n<p>[\/vc_column_text][vc_column_text el_class=\u00bbprofile\u00bb]<\/p>\n<h4><a href=\"mailto:info@expannia.com?subject=Chief%20Marketing%20And%20Communications%20Officer\">Chief Marketing &amp; Communications Officer<\/a><\/h4>\n<p>[\/vc_column_text][vc_column_text el_class=\u00bbprofile\u00bb]<\/p>\n<h4><a href=\"mailto:info@expannia.com?subject=Chief%20Global%20Operations%20Officer\">Chief Global Operations Officer<\/a><\/h4>\n<p>[\/vc_column_text][vc_column_text el_class=\u00bbprofile\u00bb]<\/p>\n<h4><a href=\"mailto:info@expannia.com?subject=Chief%20Company%20Quality%20And%20Customer%20Satisfaction%20Officer\">Chief Company Quality &amp; Customer Satisfaction Officer<\/a><\/h4>\n<p>[\/vc_column_text][vc_column_text el_class=\u00bbprofile\u00bb]<\/p>\n<h4><a href=\"mailto:info@expannia.com?subject=Chief%20Product%20Engineering%20Officer\">Chief Product Engineering Officer<\/a><\/h4>\n<p>[\/vc_column_text][vc_column_text el_class=\u00bbprofile\u00bb]<\/p>\n<h4><a href=\"mailto:info@expannia.com?subject=Chief%20Manufacturing%20Officer\">Chief Manufacturing Officer<\/a><\/h4>\n<p>[\/vc_column_text][vc_column_text el_class=\u00bbprofile\u00bb]<\/p>\n<h4><a href=\"mailto:info@expannia.com?subject=Chief%20Supply%20Chain,%20Purchasing%20And%20Logistics%20Officer\">Chief Supply Chain, Purchasing &amp; Logistics Officer<\/a><\/h4>\n<p>[\/vc_column_text][vc_column_text el_class=\u00bbprofile\u00bb]<\/p>\n<h4><a href=\"mailto:info@expannia.com?subject=Chief%20Technological%20Officer\">Chief Technological Officer<\/a><\/h4>\n<p>[\/vc_column_text][vc_column_text el_class=\u00bbprofile\u00bb]<\/p>\n<h4><a href=\"mailto:info@expannia.com?subject=Chief%20Vehicle%20Programmes%20Officer\">Chief Vehicle Programmes Officer<\/a><\/h4>\n<p>[\/vc_column_text][vc_column_text el_class=\u00bbprofile\u00bb]<\/p>\n<h4><a href=\"mailto:info@expannia.com?subject=Chief%20Human%20Resources%20Officer\">Chief Human Resources Officer<\/a><\/h4>\n<p>[\/vc_column_text][vc_column_text el_class=\u00bbprofile\u00bb]<\/p>\n<h4><a href=\"mailto:info@expannia.com?subject=Chief%20Legal%20Officer\">Chief Legal Officer<\/a><\/h4>\n<p>[\/vc_column_text][vc_column_text el_class=\u00bbprofile\u00bb]<\/p>\n<h4><a href=\"mailto:info@expannia.com?subject=Advisory%20Board%20Members\">Advisory Board Members<\/a><\/h4>\n<p>[\/vc_column_text][\/vc_column_inner][\/vc_row_inner][vc_column_text]<\/p>\n<h2><span style=\"color: #9999aa;\">Directores de ingenier\u00eda de producto<\/span><\/h2>\n<p>[\/vc_column_text][vc_row_inner row_type=\u00bbrow\u00bb type=\u00bbfull_width\u00bb text_align=\u00bbcenter\u00bb css_animation=\u00bb\u00bb el_class=\u00bbcareers-columnas\u00bb padding_top=\u00bb30&#8243;][vc_column_inner][vc_column_text el_class=\u00bbprofile\u00bb]<\/p>\n<h4><a href=\"mailto:info@expannia.com?subject=Chassis%20Engineering%20Director\">Chassis Engineering Director<\/a><\/h4>\n<p>[\/vc_column_text][vc_column_text el_class=\u00bbprofile\u00bb]<\/p>\n<h4><a href=\"mailto:info@expannia.com?subject=Body%20And%20Trim%20Engineering%20Director%20\">Body &amp; Trim Engineering Director<\/a><\/h4>\n<p>[\/vc_column_text][vc_column_text el_class=\u00bbprofile\u00bb]<\/p>\n<h4><a href=\"mailto:info@expannia.com?subject=Electrical,%20Electronics%20And%20Infotainment%20Engineering%20Director\">Electrical, Electronics &amp; Infotainment Engineering Director<\/a><\/h4>\n<p>[\/vc_column_text][vc_column_text el_class=\u00bbprofile\u00bb]<\/p>\n<h4><a href=\"mailto:info@expannia.com?subject=Powertrain%20Engineering%20Director\">Powertrain Engineering Director<\/a><\/h4>\n<p>[\/vc_column_text][vc_column_text el_class=\u00bbprofile\u00bb]<\/p>\n<h4><a href=\"mailto:info@expannia.com?subject=Vehicle%20Engineering%20Director\">Vehicle Engineering Director<\/a><\/h4>\n<p>[\/vc_column_text][vc_column_text el_class=\u00bbprofile\u00bb]<\/p>\n<h4><a href=\"mailto:info@expannia.com?subject=Software%20Architect%20Engineering%20Director\">Software Architect Engineering Director<\/a><\/h4>\n<p>[\/vc_column_text][vc_column_text el_class=\u00bbprofile\u00bb]<\/p>\n<h4><a href=\"mailto:info@expannia.com?subject=Quality%20Engineering%20Director\">Quality Engineering Director<\/a><\/h4>\n<p>[\/vc_column_text][vc_column_text el_class=\u00bbprofile\u00bb]<\/p>\n<h4><a href=\"mailto:info@expannia.com?subject=2-Wheel%20Vehicles%20Director\">2-Wheel Vehicles Director<\/a><\/h4>\n<p>[\/vc_column_text][\/vc_column_inner][\/vc_row_inner][\/vc_column][\/vc_row]<\/p>\n","protected":false},"excerpt":{"rendered":"<p>[vc_row css_animation=\u00bb\u00bb row_type=\u00bbrow\u00bb use_row_as_full_screen_section=\u00bbno\u00bb type=\u00bbgrid\u00bb angled_section=\u00bbno\u00bb text_align=\u00bbcenter\u00bb background_image_as_pattern=\u00bbwithout_pattern\u00bb z_index=\u00bb\u00bb padding_bottom=\u00bb80&#8243; el_class=\u00bbcareers\u00bb padding_top=\u00bb60&#8243;][vc_column][vc_single_image image=\u00bb14909&#8243; img_size=\u00bbfull\u00bb alignment=\u00bbcenter\u00bb qode_css_animation=\u00bb\u00bb el_class=\u00bbicono_cabecera\u00bb][vc_column_text] \u00bfQuieres unirte a nosotros? [\/vc_column_text][vc_empty_space height=\u00bb5px\u00bb][vc_column_text] Estamos dando forma a nuestro Consejo de Administraci\u00f3n y Equipo de Asesores. Buscamos personas con experiencia en la industria automotriz, startups de&#8230;<\/p>\n","protected":false},"author":1,"featured_media":15440,"parent":0,"menu_order":24,"comment_status":"closed","ping_status":"closed","template":"full_width.php","meta":[],"yoast_head":"<!-- This site is optimized with the Yoast SEO plugin v16.5 - https:\/\/yoast.com\/wordpress\/plugins\/seo\/ -->\n<title>Talento - Expannia Motors<\/title>\n<meta name=\"robots\" content=\"index, follow, max-snippet:-1, max-image-preview:large, max-video-preview:-1\" \/>\n<link rel=\"canonical\" href=\"https:\/\/expannia.com\/es\/talento\/\" \/>\n<meta property=\"og:locale\" content=\"es_ES\" \/>\n<meta property=\"og:type\" content=\"article\" \/>\n<meta property=\"og:title\" content=\"Talento - Expannia Motors\" \/>\n<meta property=\"og:description\" content=\"[vc_row css_animation=\u00bb\u00bb row_type=\u00bbrow\u00bb use_row_as_full_screen_section=\u00bbno\u00bb type=\u00bbgrid\u00bb angled_section=\u00bbno\u00bb text_align=\u00bbcenter\u00bb background_image_as_pattern=\u00bbwithout_pattern\u00bb z_index=\u00bb\u00bb padding_bottom=\u00bb80&#8243; el_class=\u00bbcareers\u00bb padding_top=\u00bb60&#8243;][vc_column][vc_single_image image=\u00bb14909&#8243; img_size=\u00bbfull\u00bb alignment=\u00bbcenter\u00bb qode_css_animation=\u00bb\u00bb el_class=\u00bbicono_cabecera\u00bb][vc_column_text] \u00bfQuieres unirte a nosotros? [\/vc_column_text][vc_empty_space height=\u00bb5px\u00bb][vc_column_text] Estamos dando forma a nuestro Consejo de Administraci\u00f3n y Equipo de Asesores. Buscamos personas con experiencia en la industria automotriz, startups de...\" \/>\n<meta property=\"og:url\" content=\"https:\/\/expannia.com\/es\/talento\/\" \/>\n<meta property=\"og:site_name\" content=\"Expannia Motors\" \/>\n<meta property=\"article:publisher\" content=\"https:\/\/www.facebook.com\/expannia\" \/>\n<meta property=\"article:modified_time\" content=\"2021-07-16T07:48:32+00:00\" \/>\n<meta property=\"og:image\" content=\"https:\/\/expannia.com\/wp-content\/uploads\/expannia-main-image-bn-1.png\" \/>\n\t<meta property=\"og:image:width\" content=\"1024\" \/>\n\t<meta property=\"og:image:height\" content=\"691\" \/>\n<meta name=\"twitter:card\" content=\"summary_large_image\" \/>\n<meta name=\"twitter:label1\" content=\"Tiempo de lectura\" \/>\n\t<meta name=\"twitter:data1\" content=\"1 minuto\" \/>\n<script type=\"application\/ld+json\" class=\"yoast-schema-graph\">{\"@context\":\"https:\/\/schema.org\",\"@graph\":[{\"@type\":\"Organization\",\"@id\":\"https:\/\/expannia.com\/#organization\",\"name\":\"Expannia Motors - A New Generation of Electric Vehicles\",\"url\":\"https:\/\/expannia.com\/\",\"sameAs\":[\"https:\/\/www.facebook.com\/expannia\",\"https:\/\/www.instagram.com\/expannia\/\",\"https:\/\/www.linkedin.com\/company\/expanniamotors\",\"https:\/\/www.youtube.com\/channel\/UCVyhNsd_DI_gEwqP9bZxrrA\"],\"logo\":{\"@type\":\"ImageObject\",\"@id\":\"https:\/\/expannia.com\/#logo\",\"inLanguage\":\"es\",\"url\":\"https:\/\/expannia.com\/wp-content\/uploads\/expannia-main-image-bn.png\",\"contentUrl\":\"https:\/\/expannia.com\/wp-content\/uploads\/expannia-main-image-bn.png\",\"width\":1024,\"height\":691,\"caption\":\"Expannia Motors - A New Generation of Electric Vehicles\"},\"image\":{\"@id\":\"https:\/\/expannia.com\/#logo\"}},{\"@type\":\"WebSite\",\"@id\":\"https:\/\/expannia.com\/#website\",\"url\":\"https:\/\/expannia.com\/\",\"name\":\"Expannia Motors\",\"description\":\"Una nueva generaci\\u00f3n de veh\\u00edculos el\\u00e9ctricos\",\"publisher\":{\"@id\":\"https:\/\/expannia.com\/#organization\"},\"potentialAction\":[{\"@type\":\"SearchAction\",\"target\":\"https:\/\/expannia.com\/?s={search_term_string}\",\"query-input\":\"required name=search_term_string\"}],\"inLanguage\":\"es\"},{\"@type\":\"ImageObject\",\"@id\":\"https:\/\/expannia.com\/es\/talento\/#primaryimage\",\"inLanguage\":\"es\",\"url\":\"https:\/\/expannia.com\/wp-content\/uploads\/expannia-main-image-bn-1.png\",\"contentUrl\":\"https:\/\/expannia.com\/wp-content\/uploads\/expannia-main-image-bn-1.png\",\"width\":1024,\"height\":691},{\"@type\":\"WebPage\",\"@id\":\"https:\/\/expannia.com\/es\/talento\/#webpage\",\"url\":\"https:\/\/expannia.com\/es\/talento\/\",\"name\":\"Talento - Expannia Motors\",\"isPartOf\":{\"@id\":\"https:\/\/expannia.com\/#website\"},\"primaryImageOfPage\":{\"@id\":\"https:\/\/expannia.com\/es\/talento\/#primaryimage\"},\"datePublished\":\"2021-06-21T18:02:01+00:00\",\"dateModified\":\"2021-07-16T07:48:32+00:00\",\"breadcrumb\":{\"@id\":\"https:\/\/expannia.com\/es\/talento\/#breadcrumb\"},\"inLanguage\":\"es\",\"potentialAction\":[{\"@type\":\"ReadAction\",\"target\":[\"https:\/\/expannia.com\/es\/talento\/\"]}]},{\"@type\":\"BreadcrumbList\",\"@id\":\"https:\/\/expannia.com\/es\/talento\/#breadcrumb\",\"itemListElement\":[{\"@type\":\"ListItem\",\"position\":1,\"name\":\"Home\",\"item\":\"https:\/\/expannia.com\/es\/\"},{\"@type\":\"ListItem\",\"position\":2,\"name\":\"Talento\"}]}]}<\/script>\n<!-- \/ Yoast SEO plugin. -->","_links":{"self":[{"href":"https:\/\/expannia.com\/es\/wp-json\/wp\/v2\/pages\/15433"}],"collection":[{"href":"https:\/\/expannia.com\/es\/wp-json\/wp\/v2\/pages"}],"about":[{"href":"https:\/\/expannia.com\/es\/wp-json\/wp\/v2\/types\/page"}],"author":[{"embeddable":true,"href":"https:\/\/expannia.com\/es\/wp-json\/wp\/v2\/users\/1"}],"replies":[{"embeddable":true,"href":"https:\/\/expannia.com\/es\/wp-json\/wp\/v2\/comments?post=15433"}],"version-history":[{"count":0,"href":"https:\/\/expannia.com\/es\/wp-json\/wp\/v2\/pages\/15433\/revisions"}],"wp:featuredmedia":[{"embeddable":true,"href":"https:\/\/expannia.com\/es\/wp-json\/wp\/v2\/media\/15440"}],"wp:attachment":[{"href":"https:\/\/expannia.com\/es\/wp-json\/wp\/v2\/media?parent=15433"}],"curies":[{"name":"wp","href":"https:\/\/api.w.org\/{rel}","templated":true}]}}