{"id":15432,"date":"2021-06-21T19:59:04","date_gmt":"2021-06-21T17:59:04","guid":{"rendered":"https:\/\/expannia.com\/?page_id=15432"},"modified":"2022-02-15T20:49:28","modified_gmt":"2022-02-15T19:49:28","slug":"contacto","status":"publish","type":"page","link":"https:\/\/expannia.com\/es\/contacto\/","title":{"rendered":"Contacto"},"content":{"rendered":"<p>[vc_row css_animation=\u00bb\u00bb row_type=\u00bbrow\u00bb use_row_as_full_screen_section=\u00bbno\u00bb type=\u00bbgrid\u00bb angled_section=\u00bbno\u00bb text_align=\u00bbcenter\u00bb background_image_as_pattern=\u00bbwithout_pattern\u00bb z_index=\u00bb\u00bb padding_bottom=\u00bb20&#8243; el_class=\u00bbcontacinfo\u00bb padding_top=\u00bb60&#8243;][vc_column][vc_single_image image=\u00bb14909&#8243; img_size=\u00bbfull\u00bb alignment=\u00bbcenter\u00bb qode_css_animation=\u00bb\u00bb el_class=\u00bbicono_cabecera\u00bb][vc_column_text]<\/p>\n<h1>Datos de Contacto<\/h1>\n<p>[\/vc_column_text][vc_empty_space height=\u00bb40px\u00bb][vc_row_inner row_type=\u00bbrow\u00bb type=\u00bbfull_width\u00bb text_align=\u00bbcenter\u00bb css_animation=\u00bb\u00bb][vc_column_inner width=\u00bb1\/2&#8243;][vc_column_text]<\/p>\n<h3>OFICINA AMERICANA<\/h3>\n<p><strong>Expannia Motors LLC<\/strong><br \/>\n990 Biscayne Blvd, Miami, FL 33132<\/p>\n<p><span   class=\"qode_icon_shortcode  q_font_awsome_icon   \" style=\" \"><i class=\"qode_icon_font_awesome fa fa-envelope qode_icon_element\" style=\"font-size: 18px;\" ><\/i><\/span> <strong><a href=\"mailto:info@expannia.com\">info@expannia.com<\/a><\/strong>[\/vc_column_text][vc_empty_space height=\u00bb40px\u00bb][vc_gmaps link=\u00bb#E-8_JTNDaWZyYW1lJTIwc3JjJTNEJTIyaHR0cHMlM0ElMkYlMkZ3d3cuZ29vZ2xlLmNvbSUyRm1hcHMlMkZlbWJlZCUzRnBiJTNEJTIxMW0xOCUyMTFtMTIlMjExbTMlMjExZDE0MzcwLjQzOTM2NDMzMTkyMiUyMTJkLTgwLjE5ODc4OTMzMjg4OTIlMjEzZDI1Ljc4MzQ0NzU4MzYyNzAxNiUyMTJtMyUyMTFmMCUyMTJmMCUyMTNmMCUyMTNtMiUyMTFpMTAyNCUyMTJpNzY4JTIxNGYxMy4xJTIxM20zJTIxMW0yJTIxMXMweDg4ZDliNmEwZmVjMjdmZmIlMjUzQTB4MmMwOWQzNDhiZTdlYTc5OCUyMTJzOTkwJTI1MjBCaXNjYXluZSUyNTIwQmx2ZCUyNTIwJTI1MjM1MDElMjUyQyUyNTIwTWlhbWklMjUyQyUyNTIwRkwlMjUyMDMzMTMyJTI1MkMlMjUyMEVFLiUyNTIwVVUuJTIxNWUwJTIxM20yJTIxMXNlcyUyMTJzZXMlMjE0djE2MjQ1NDM4MTY4NDQlMjE1bTIlMjExc2VzJTIxMnNlcyUyMiUyMHdpZHRoJTNEJTIyNjAwJTIyJTIwaGVpZ2h0JTNEJTIyNDUwJTIyJTIwc3R5bGUlM0QlMjJib3JkZXIlM0EwJTNCJTIyJTIwYWxsb3dmdWxsc2NyZWVuJTNEJTIyJTIyJTIwbG9hZGluZyUzRCUyMmxhenklMjIlM0UlM0MlMkZpZnJhbWUlM0U=\u00bb][vc_empty_space height=\u00bb40px\u00bb][\/vc_column_inner][vc_column_inner width=\u00bb1\/2&#8243;][vc_column_text]<\/p>\n<h3>OFICINA EUROPEA<\/h3>\n<p><strong>Expannia Motors SL<\/strong><br \/>\nM\u00e1laga TechPark, 29590 M\u00e1laga<\/p>\n<p><span   class=\"qode_icon_shortcode  q_font_awsome_icon   \" style=\" \"><i class=\"qode_icon_font_awesome fa fa-envelope qode_icon_element\" style=\"font-size: 18px;\" ><\/i><\/span> <strong><a href=\"mailto:info@expannia.com\">info@expannia.com<\/a><\/strong>[\/vc_column_text][vc_empty_space height=\u00bb40px\u00bb][vc_gmaps link=\u00bb#E-8_JTNDaWZyYW1lJTIwc3JjJTNEJTIyaHR0cHMlM0ElMkYlMkZ3d3cuZ29vZ2xlLmNvbSUyRm1hcHMlMkZlbWJlZCUzRnBiJTNEJTIxMW0xOCUyMTFtMTIlMjExbTMlMjExZDEyNzg5LjM1ODQ1MzE3MTQwOCUyMTJkLTQuNTYwNTc4NjE0NzE0MDE1JTIxM2QzNi43Mzg0MTg1MjkzNzk1MiUyMTJtMyUyMTFmMCUyMTJmMCUyMTNmMCUyMTNtMiUyMTFpMTAyNCUyMTJpNzY4JTIxNGYxMy4xJTIxM20zJTIxMW0yJTIxMXMweGQ3MmYxY2Q1NDc5NWJkNyUyNTNBMHg1MDJkN2EwNWJmOThiOTAlMjEyc1BhcnF1ZSUyNTIwVGVjbm9sJTI1QzMlMjVCM2dpY28lMjUyQyUyNTIwMjk1OTAlMjUyME0lMjVDMyUyNUExbGFnYSUyMTVlMCUyMTNtMiUyMTFzZXMlMjEyc2VzJTIxNHYxNjQ0OTUzOTY2MDU4JTIxNW0yJTIxMXNlcyUyMTJzZXMlMjIlMjB3aWR0aCUzRCUyMjYwMCUyMiUyMGhlaWdodCUzRCUyMjQ1MCUyMiUyMHN0eWxlJTNEJTIyYm9yZGVyJTNBMCUzQiUyMiUyMGFsbG93ZnVsbHNjcmVlbiUzRCUyMiUyMiUyMGxvYWRpbmclM0QlMjJsYXp5JTIyJTNFJTNDJTJGaWZyYW1lJTNF\u00bb][vc_empty_space height=\u00bb40px\u00bb][\/vc_column_inner][\/vc_row_inner][\/vc_column][\/vc_row][vc_row css_animation=\u00bb\u00bb row_type=\u00bbrow\u00bb use_row_as_full_screen_section=\u00bbno\u00bb type=\u00bbgrid\u00bb angled_section=\u00bbno\u00bb text_align=\u00bbcenter\u00bb background_image_as_pattern=\u00bbwithout_pattern\u00bb z_index=\u00bb\u00bb padding_bottom=\u00bb100&#8243; el_class=\u00bbcontacform\u00bb css=\u00bb.vc_custom_1621517403951{background-color: #1fada1 !important;}\u00bb padding_top=\u00bb60&#8243;][vc_column][vc_single_image image=\u00bb14910&#8243; img_size=\u00bbfull\u00bb alignment=\u00bbcenter\u00bb qode_css_animation=\u00bb\u00bb el_class=\u00bbicono_cabecera\u00bb][vc_column_text]<\/p>\n<h2>Env\u00edanos un correo electr\u00f3nico<\/h2>\n<p>[\/vc_column_text][vc_empty_space height=\u00bb5px\u00bb][vc_column_text]<\/p>\n<h4>\u00bfNecesitas m\u00e1s informaci\u00f3n sobre Expannia?<\/h4>\n<p>[\/vc_column_text][vc_empty_space height=\u00bb40px\u00bb][vc_row_inner row_type=\u00bbrow\u00bb type=\u00bbgrid\u00bb text_align=\u00bbleft\u00bb css_animation=\u00bb\u00bb el_class=\u00bbcontacform-columnas\u00bb][vc_column_inner]<div role=\"form\" class=\"wpcf7\" id=\"wpcf7-f15452-o1\" lang=\"es-ES\" dir=\"ltr\">\n<div class=\"screen-reader-response\"><p role=\"status\" aria-live=\"polite\" aria-atomic=\"true\"><\/p> <ul><\/ul><\/div>\n<form action=\"\/es\/wp-json\/wp\/v2\/pages\/15432#wpcf7-f15452-o1\" method=\"post\" class=\"wpcf7-form init cf7_custom_style_1\" novalidate=\"novalidate\" data-status=\"init\">\n<div style=\"display: none;\">\n<input type=\"hidden\" name=\"_wpcf7\" value=\"15452\" \/>\n<input type=\"hidden\" name=\"_wpcf7_version\" value=\"5.4.1\" \/>\n<input type=\"hidden\" name=\"_wpcf7_locale\" value=\"es_ES\" \/>\n<input type=\"hidden\" name=\"_wpcf7_unit_tag\" value=\"wpcf7-f15452-o1\" \/>\n<input type=\"hidden\" name=\"_wpcf7_container_post\" value=\"0\" \/>\n<input type=\"hidden\" name=\"_wpcf7_posted_data_hash\" value=\"\" \/>\n<input type=\"hidden\" name=\"_wpcf7_recaptcha_response\" value=\"\" \/>\n<\/div>\n<div class=\"two_columns_50_50 clearfix\">\n<div class=\"column1\">\n<div class=\"column_inner\"><label><span class=\"wpcf7-form-control-wrap your-name\"><input type=\"text\" name=\"your-name\" value=\"\" size=\"40\" class=\"wpcf7-form-control wpcf7-text wpcf7-validates-as-required\" aria-required=\"true\" aria-invalid=\"false\" placeholder=\"Nombre\" \/><\/span><\/label><\/div>\n<\/div>\n<div class=\"column2\">\n<div class=\"column_inner\"><label><span class=\"wpcf7-form-control-wrap your-email\"><input type=\"email\" name=\"your-email\" value=\"\" size=\"40\" class=\"wpcf7-form-control wpcf7-text wpcf7-email wpcf7-validates-as-required wpcf7-validates-as-email\" aria-required=\"true\" aria-invalid=\"false\" placeholder=\"Email\" \/><\/span><\/label><\/div>\n<\/div>\n<\/div>\n<p><label><span class=\"wpcf7-form-control-wrap your-message\"><textarea name=\"your-message\" cols=\"40\" rows=\"10\" class=\"wpcf7-form-control wpcf7-textarea wpcf7-validates-as-required\" aria-required=\"true\" aria-invalid=\"false\" placeholder=\"Cu\u00e9ntanos tus dudas o comentarios\"><\/textarea><\/span><\/label><\/p>\n<p><label><!-- Mailchimp for WordPress v4.8.5 - https:\/\/www.mc4wp.com\/ --><input type=\"hidden\" name=\"_mc4wp_subscribe_contact-form-7\" value=\"0\" \/><span class=\" mc4wp-checkbox mc4wp-checkbox-contact-form-7\" ><label><input type=\"checkbox\" name=\"_mc4wp_subscribe_contact-form-7\" value=\"1\"  \/><span>Inscr\u00edbeme en la newsletter!<\/span><\/label><\/span><!-- \/ Mailchimp for WordPress --> <\/label><\/p>\n<p class=\"rgpd_forms\">De conformidad con lo establecido en el <strong>REGLAMENTO (UE) 2016\/679<\/strong> de protecci\u00f3n de datos de car\u00e1cter personal, le informamos que los datos que usted nos facilite ser\u00e1n utilizados con la \u00fanica finalidad de responder a su consulta.<\/p>\n<p class=\"rgpd_forms_acceptance\"><span class=\"wpcf7-form-control-wrap acceptance-572\"><span class=\"wpcf7-form-control wpcf7-acceptance\"><span class=\"wpcf7-list-item\"><input type=\"checkbox\" name=\"acceptance-572\" value=\"1\" aria-invalid=\"false\" \/><\/span><\/span><\/span> Acepto la <a href=\"\/privacy-policy\/\" target=\"blank\" rel=\"nofollow\">pol\u00edtica de privacidad de expannia.com<\/a><\/p>\n<p><input type=\"submit\" value=\"Enviar formulario\" class=\"wpcf7-form-control wpcf7-submit\" \/><\/p>\n<div class=\"wpcf7-response-output\" aria-hidden=\"true\"><\/div><\/form><\/div>[\/vc_column_inner][\/vc_row_inner][\/vc_column][\/vc_row]<\/p>\n","protected":false},"excerpt":{"rendered":"<p>[vc_row css_animation=\u00bb\u00bb row_type=\u00bbrow\u00bb use_row_as_full_screen_section=\u00bbno\u00bb type=\u00bbgrid\u00bb angled_section=\u00bbno\u00bb text_align=\u00bbcenter\u00bb background_image_as_pattern=\u00bbwithout_pattern\u00bb z_index=\u00bb\u00bb padding_bottom=\u00bb20&#8243; el_class=\u00bbcontacinfo\u00bb padding_top=\u00bb60&#8243;][vc_column][vc_single_image image=\u00bb14909&#8243; img_size=\u00bbfull\u00bb alignment=\u00bbcenter\u00bb qode_css_animation=\u00bb\u00bb el_class=\u00bbicono_cabecera\u00bb][vc_column_text] Datos de Contacto [\/vc_column_text][vc_empty_space height=\u00bb40px\u00bb][vc_row_inner row_type=\u00bbrow\u00bb type=\u00bbfull_width\u00bb text_align=\u00bbcenter\u00bb css_animation=\u00bb\u00bb][vc_column_inner width=\u00bb1\/2&#8243;][vc_column_text] OFICINA AMERICANA Expannia Motors LLC 990 Biscayne Blvd, Miami, FL 33132 info@expannia.com[\/vc_column_text][vc_empty_space height=\u00bb40px\u00bb][vc_gmaps link=\u00bb#E-8_JTNDaWZyYW1lJTIwc3JjJTNEJTIyaHR0cHMlM0ElMkYlMkZ3d3cuZ29vZ2xlLmNvbSUyRm1hcHMlMkZlbWJlZCUzRnBiJTNEJTIxMW0xOCUyMTFtMTIlMjExbTMlMjExZDE0MzcwLjQzOTM2NDMzMTkyMiUyMTJkLTgwLjE5ODc4OTMzMjg4OTIlMjEzZDI1Ljc4MzQ0NzU4MzYyNzAxNiUyMTJtMyUyMTFmMCUyMTJmMCUyMTNmMCUyMTNtMiUyMTFpMTAyNCUyMTJpNzY4JTIxNGYxMy4xJTIxM20zJTIxMW0yJTIxMXMweDg4ZDliNmEwZmVjMjdmZmIlMjUzQTB4MmMwOWQzNDhiZTdlYTc5OCUyMTJzOTkwJTI1MjBCaXNjYXluZSUyNTIwQmx2ZCUyNTIwJTI1MjM1MDElMjUyQyUyNTIwTWlhbWklMjUyQyUyNTIwRkwlMjUyMDMzMTMyJTI1MkMlMjUyMEVFLiUyNTIwVVUuJTIxNWUwJTIxM20yJTIxMXNlcyUyMTJzZXMlMjE0djE2MjQ1NDM4MTY4NDQlMjE1bTIlMjExc2VzJTIxMnNlcyUyMiUyMHdpZHRoJTNEJTIyNjAwJTIyJTIwaGVpZ2h0JTNEJTIyNDUwJTIyJTIwc3R5bGUlM0QlMjJib3JkZXIlM0EwJTNCJTIyJTIwYWxsb3dmdWxsc2NyZWVuJTNEJTIyJTIyJTIwbG9hZGluZyUzRCUyMmxhenklMjIlM0UlM0MlMkZpZnJhbWUlM0U=\u00bb][vc_empty_space height=\u00bb40px\u00bb][\/vc_column_inner][vc_column_inner width=\u00bb1\/2&#8243;][vc_column_text] OFICINA EUROPEA&#8230;<\/p>\n","protected":false},"author":1,"featured_media":15440,"parent":0,"menu_order":22,"comment_status":"closed","ping_status":"closed","template":"full_width.php","meta":[],"yoast_head":"<!-- This site is optimized with the Yoast SEO plugin v16.5 - https:\/\/yoast.com\/wordpress\/plugins\/seo\/ -->\n<title>Contacto - Expannia Motors<\/title>\n<meta name=\"robots\" content=\"index, follow, max-snippet:-1, max-image-preview:large, max-video-preview:-1\" \/>\n<link rel=\"canonical\" href=\"https:\/\/expannia.com\/es\/contacto\/\" \/>\n<meta property=\"og:locale\" content=\"es_ES\" \/>\n<meta property=\"og:type\" content=\"article\" \/>\n<meta property=\"og:title\" content=\"Contacto - Expannia Motors\" \/>\n<meta property=\"og:description\" content=\"[vc_row css_animation=\u00bb\u00bb row_type=\u00bbrow\u00bb use_row_as_full_screen_section=\u00bbno\u00bb type=\u00bbgrid\u00bb angled_section=\u00bbno\u00bb text_align=\u00bbcenter\u00bb background_image_as_pattern=\u00bbwithout_pattern\u00bb z_index=\u00bb\u00bb padding_bottom=\u00bb20&#8243; el_class=\u00bbcontacinfo\u00bb padding_top=\u00bb60&#8243;][vc_column][vc_single_image image=\u00bb14909&#8243; img_size=\u00bbfull\u00bb alignment=\u00bbcenter\u00bb qode_css_animation=\u00bb\u00bb el_class=\u00bbicono_cabecera\u00bb][vc_column_text] Datos de Contacto [\/vc_column_text][vc_empty_space height=\u00bb40px\u00bb][vc_row_inner row_type=\u00bbrow\u00bb type=\u00bbfull_width\u00bb text_align=\u00bbcenter\u00bb css_animation=\u00bb\u00bb][vc_column_inner width=\u00bb1\/2&#8243;][vc_column_text] OFICINA AMERICANA Expannia Motors LLC 990 Biscayne Blvd, Miami, FL 33132 info@expannia.com[\/vc_column_text][vc_empty_space height=\u00bb40px\u00bb][vc_gmaps link=\u00bb#E-8_JTNDaWZyYW1lJTIwc3JjJTNEJTIyaHR0cHMlM0ElMkYlMkZ3d3cuZ29vZ2xlLmNvbSUyRm1hcHMlMkZlbWJlZCUzRnBiJTNEJTIxMW0xOCUyMTFtMTIlMjExbTMlMjExZDE0MzcwLjQzOTM2NDMzMTkyMiUyMTJkLTgwLjE5ODc4OTMzMjg4OTIlMjEzZDI1Ljc4MzQ0NzU4MzYyNzAxNiUyMTJtMyUyMTFmMCUyMTJmMCUyMTNmMCUyMTNtMiUyMTFpMTAyNCUyMTJpNzY4JTIxNGYxMy4xJTIxM20zJTIxMW0yJTIxMXMweDg4ZDliNmEwZmVjMjdmZmIlMjUzQTB4MmMwOWQzNDhiZTdlYTc5OCUyMTJzOTkwJTI1MjBCaXNjYXluZSUyNTIwQmx2ZCUyNTIwJTI1MjM1MDElMjUyQyUyNTIwTWlhbWklMjUyQyUyNTIwRkwlMjUyMDMzMTMyJTI1MkMlMjUyMEVFLiUyNTIwVVUuJTIxNWUwJTIxM20yJTIxMXNlcyUyMTJzZXMlMjE0djE2MjQ1NDM4MTY4NDQlMjE1bTIlMjExc2VzJTIxMnNlcyUyMiUyMHdpZHRoJTNEJTIyNjAwJTIyJTIwaGVpZ2h0JTNEJTIyNDUwJTIyJTIwc3R5bGUlM0QlMjJib3JkZXIlM0EwJTNCJTIyJTIwYWxsb3dmdWxsc2NyZWVuJTNEJTIyJTIyJTIwbG9hZGluZyUzRCUyMmxhenklMjIlM0UlM0MlMkZpZnJhbWUlM0U=\u00bb][vc_empty_space height=\u00bb40px\u00bb][\/vc_column_inner][vc_column_inner width=\u00bb1\/2&#8243;][vc_column_text] OFICINA EUROPEA...\" \/>\n<meta property=\"og:url\" content=\"https:\/\/expannia.com\/es\/contacto\/\" \/>\n<meta property=\"og:site_name\" content=\"Expannia Motors\" \/>\n<meta property=\"article:publisher\" content=\"https:\/\/www.facebook.com\/expannia\" \/>\n<meta property=\"article:modified_time\" content=\"2022-02-15T19:49:28+00:00\" \/>\n<meta property=\"og:image\" content=\"https:\/\/expannia.com\/wp-content\/uploads\/expannia-main-image-bn-1.png\" \/>\n\t<meta property=\"og:image:width\" content=\"1024\" \/>\n\t<meta property=\"og:image:height\" content=\"691\" \/>\n<meta name=\"twitter:card\" content=\"summary_large_image\" \/>\n<meta name=\"twitter:label1\" content=\"Tiempo de lectura\" \/>\n\t<meta name=\"twitter:data1\" content=\"1 minuto\" \/>\n<script type=\"application\/ld+json\" class=\"yoast-schema-graph\">{\"@context\":\"https:\/\/schema.org\",\"@graph\":[{\"@type\":\"Organization\",\"@id\":\"https:\/\/expannia.com\/#organization\",\"name\":\"Expannia Motors - A New Generation of Electric Vehicles\",\"url\":\"https:\/\/expannia.com\/\",\"sameAs\":[\"https:\/\/www.facebook.com\/expannia\",\"https:\/\/www.instagram.com\/expannia\/\",\"https:\/\/www.linkedin.com\/company\/expanniamotors\",\"https:\/\/www.youtube.com\/channel\/UCVyhNsd_DI_gEwqP9bZxrrA\"],\"logo\":{\"@type\":\"ImageObject\",\"@id\":\"https:\/\/expannia.com\/#logo\",\"inLanguage\":\"es\",\"url\":\"https:\/\/expannia.com\/wp-content\/uploads\/expannia-main-image-bn.png\",\"contentUrl\":\"https:\/\/expannia.com\/wp-content\/uploads\/expannia-main-image-bn.png\",\"width\":1024,\"height\":691,\"caption\":\"Expannia Motors - A New Generation of Electric Vehicles\"},\"image\":{\"@id\":\"https:\/\/expannia.com\/#logo\"}},{\"@type\":\"WebSite\",\"@id\":\"https:\/\/expannia.com\/#website\",\"url\":\"https:\/\/expannia.com\/\",\"name\":\"Expannia Motors\",\"description\":\"Una nueva generaci\\u00f3n de veh\\u00edculos el\\u00e9ctricos\",\"publisher\":{\"@id\":\"https:\/\/expannia.com\/#organization\"},\"potentialAction\":[{\"@type\":\"SearchAction\",\"target\":\"https:\/\/expannia.com\/?s={search_term_string}\",\"query-input\":\"required name=search_term_string\"}],\"inLanguage\":\"es\"},{\"@type\":\"ImageObject\",\"@id\":\"https:\/\/expannia.com\/es\/contacto\/#primaryimage\",\"inLanguage\":\"es\",\"url\":\"https:\/\/expannia.com\/wp-content\/uploads\/expannia-main-image-bn-1.png\",\"contentUrl\":\"https:\/\/expannia.com\/wp-content\/uploads\/expannia-main-image-bn-1.png\",\"width\":1024,\"height\":691},{\"@type\":\"WebPage\",\"@id\":\"https:\/\/expannia.com\/es\/contacto\/#webpage\",\"url\":\"https:\/\/expannia.com\/es\/contacto\/\",\"name\":\"Contacto - Expannia Motors\",\"isPartOf\":{\"@id\":\"https:\/\/expannia.com\/#website\"},\"primaryImageOfPage\":{\"@id\":\"https:\/\/expannia.com\/es\/contacto\/#primaryimage\"},\"datePublished\":\"2021-06-21T17:59:04+00:00\",\"dateModified\":\"2022-02-15T19:49:28+00:00\",\"breadcrumb\":{\"@id\":\"https:\/\/expannia.com\/es\/contacto\/#breadcrumb\"},\"inLanguage\":\"es\",\"potentialAction\":[{\"@type\":\"ReadAction\",\"target\":[\"https:\/\/expannia.com\/es\/contacto\/\"]}]},{\"@type\":\"BreadcrumbList\",\"@id\":\"https:\/\/expannia.com\/es\/contacto\/#breadcrumb\",\"itemListElement\":[{\"@type\":\"ListItem\",\"position\":1,\"name\":\"Home\",\"item\":\"https:\/\/expannia.com\/es\/\"},{\"@type\":\"ListItem\",\"position\":2,\"name\":\"Contacto\"}]}]}<\/script>\n<!-- \/ Yoast SEO plugin. -->","_links":{"self":[{"href":"https:\/\/expannia.com\/es\/wp-json\/wp\/v2\/pages\/15432"}],"collection":[{"href":"https:\/\/expannia.com\/es\/wp-json\/wp\/v2\/pages"}],"about":[{"href":"https:\/\/expannia.com\/es\/wp-json\/wp\/v2\/types\/page"}],"author":[{"embeddable":true,"href":"https:\/\/expannia.com\/es\/wp-json\/wp\/v2\/users\/1"}],"replies":[{"embeddable":true,"href":"https:\/\/expannia.com\/es\/wp-json\/wp\/v2\/comments?post=15432"}],"version-history":[{"count":0,"href":"https:\/\/expannia.com\/es\/wp-json\/wp\/v2\/pages\/15432\/revisions"}],"wp:featuredmedia":[{"embeddable":true,"href":"https:\/\/expannia.com\/es\/wp-json\/wp\/v2\/media\/15440"}],"wp:attachment":[{"href":"https:\/\/expannia.com\/es\/wp-json\/wp\/v2\/media?parent=15432"}],"curies":[{"name":"wp","href":"https:\/\/api.w.org\/{rel}","templated":true}]}}