{"id":15386,"date":"2021-05-26T15:21:27","date_gmt":"2021-05-26T13:21:27","guid":{"rendered":"https:\/\/expannia.com\/?page_id=15386"},"modified":"2022-02-15T20:30:21","modified_gmt":"2022-02-15T19:30:21","slug":"sobre-nosotros","status":"publish","type":"page","link":"https:\/\/expannia.com\/es\/sobre-nosotros\/","title":{"rendered":"Sobre nosotros"},"content":{"rendered":"<p>[vc_row css_animation=\u00bb\u00bb row_type=\u00bbrow\u00bb use_row_as_full_screen_section=\u00bbno\u00bb type=\u00bbgrid\u00bb angled_section=\u00bbno\u00bb text_align=\u00bbcenter\u00bb background_image_as_pattern=\u00bbwithout_pattern\u00bb z_index=\u00bb\u00bb padding_bottom=\u00bb60&#8243; el_class=\u00bbabout-header\u00bb padding_top=\u00bb60&#8243; css=\u00bb.vc_custom_1620819270704{background-color: #1fada1 !important;}\u00bb][vc_column][vc_single_image image=\u00bb14910&#8243; img_size=\u00bbfull\u00bb alignment=\u00bbcenter\u00bb qode_css_animation=\u00bb\u00bb el_class=\u00bbicono_cabecera\u00bb][vc_column_text]<\/p>\n<h1>Desde la A hasta la Z en movilidad el\u00e9ctrica<\/h1>\n<p>[\/vc_column_text][vc_empty_space height=\u00bb5px\u00bb][vc_column_text]<\/p>\n<h4>La primera startup del sector de la automoci\u00f3n con una propuesta de gama de productos que va desde una moto hasta una furgoneta de reparto pasando por una amplia gama de coches.<\/h4>\n<p>[\/vc_column_text][\/vc_column][\/vc_row][vc_row css_animation=\u00bb\u00bb row_type=\u00bbrow\u00bb use_row_as_full_screen_section=\u00bbno\u00bb type=\u00bbgrid\u00bb angled_section=\u00bbno\u00bb text_align=\u00bbcenter\u00bb background_image_as_pattern=\u00bbwithout_pattern\u00bb z_index=\u00bb\u00bb padding_bottom=\u00bb40&#8243; el_class=\u00bbmission-vision-values\u00bb padding_top=\u00bb60&#8243;][vc_column width=\u00bb1\/3&#8243;][vc_single_image image=\u00bb14909&#8243; img_size=\u00bbfull\u00bb alignment=\u00bbcenter\u00bb qode_css_animation=\u00bb\u00bb el_class=\u00bbicono_cabecera\u00bb][vc_column_text]<\/p>\n<h2>Misi\u00f3n<\/h2>\n<p>[\/vc_column_text][vc_empty_space height=\u00bb5px\u00bb][vc_column_text]Nuestra misi\u00f3n como empresa es desarrollar, fabricar y comercializar una nueva generaci\u00f3n de veh\u00edculos el\u00e9ctricos.[\/vc_column_text][vc_empty_space height=\u00bb40px\u00bb][\/vc_column][vc_column width=\u00bb1\/3&#8243;][vc_single_image image=\u00bb14909&#8243; img_size=\u00bbfull\u00bb alignment=\u00bbcenter\u00bb qode_css_animation=\u00bb\u00bb el_class=\u00bbicono_cabecera\u00bb][vc_column_text]<\/p>\n<h2>Visi\u00f3n<\/h2>\n<p>[\/vc_column_text][vc_empty_space height=\u00bb5px\u00bb][vc_column_text]La movilidad pronto se convertir\u00e1 en un modelo sostenible basado en la electrificaci\u00f3n, con veh\u00edculos de cero emisiones, y el uso m\u00e1s eficiente y din\u00e1mico de estos veh\u00edculos basado en una econom\u00eda colaborativa.[\/vc_column_text][vc_empty_space height=\u00bb40px\u00bb][\/vc_column][vc_column width=\u00bb1\/3&#8243;][vc_single_image image=\u00bb14909&#8243; img_size=\u00bbfull\u00bb alignment=\u00bbcenter\u00bb qode_css_animation=\u00bb\u00bb el_class=\u00bbicono_cabecera\u00bb][vc_column_text]<\/p>\n<h2>Valores<\/h2>\n<p>[\/vc_column_text][vc_empty_space height=\u00bb5px\u00bb][vc_column_text]Obsesi\u00f3n por el cliente. Movilidad el\u00e9ctrica de alta tecnolog\u00eda. Energ\u00edas renovables para un futuro mejor.[\/vc_column_text][vc_empty_space height=\u00bb40px\u00bb][\/vc_column][\/vc_row]<\/p>\n","protected":false},"excerpt":{"rendered":"<p>[vc_row css_animation=\u00bb\u00bb row_type=\u00bbrow\u00bb use_row_as_full_screen_section=\u00bbno\u00bb type=\u00bbgrid\u00bb angled_section=\u00bbno\u00bb text_align=\u00bbcenter\u00bb background_image_as_pattern=\u00bbwithout_pattern\u00bb z_index=\u00bb\u00bb padding_bottom=\u00bb60&#8243; el_class=\u00bbabout-header\u00bb padding_top=\u00bb60&#8243; css=\u00bb.vc_custom_1620819270704{background-color: #1fada1 !important;}\u00bb][vc_column][vc_single_image image=\u00bb14910&#8243; img_size=\u00bbfull\u00bb alignment=\u00bbcenter\u00bb qode_css_animation=\u00bb\u00bb el_class=\u00bbicono_cabecera\u00bb][vc_column_text] Desde la A hasta la Z en movilidad el\u00e9ctrica [\/vc_column_text][vc_empty_space height=\u00bb5px\u00bb][vc_column_text] La primera startup del sector de la automoci\u00f3n con una propuesta de gama de&#8230;<\/p>\n","protected":false},"author":1,"featured_media":15440,"parent":0,"menu_order":4,"comment_status":"closed","ping_status":"closed","template":"full_width.php","meta":[],"yoast_head":"<!-- This site is optimized with the Yoast SEO plugin v16.5 - https:\/\/yoast.com\/wordpress\/plugins\/seo\/ -->\n<title>Sobre nosotros - Expannia Motors<\/title>\n<meta name=\"robots\" content=\"index, follow, max-snippet:-1, max-image-preview:large, max-video-preview:-1\" \/>\n<link rel=\"canonical\" href=\"https:\/\/expannia.com\/es\/sobre-nosotros\/\" \/>\n<meta property=\"og:locale\" content=\"es_ES\" \/>\n<meta property=\"og:type\" content=\"article\" \/>\n<meta property=\"og:title\" content=\"Sobre nosotros - Expannia Motors\" \/>\n<meta property=\"og:description\" content=\"[vc_row css_animation=\u00bb\u00bb row_type=\u00bbrow\u00bb use_row_as_full_screen_section=\u00bbno\u00bb type=\u00bbgrid\u00bb angled_section=\u00bbno\u00bb text_align=\u00bbcenter\u00bb background_image_as_pattern=\u00bbwithout_pattern\u00bb z_index=\u00bb\u00bb padding_bottom=\u00bb60&#8243; el_class=\u00bbabout-header\u00bb padding_top=\u00bb60&#8243; css=\u00bb.vc_custom_1620819270704{background-color: #1fada1 !important;}\u00bb][vc_column][vc_single_image image=\u00bb14910&#8243; img_size=\u00bbfull\u00bb alignment=\u00bbcenter\u00bb qode_css_animation=\u00bb\u00bb el_class=\u00bbicono_cabecera\u00bb][vc_column_text] Desde la A hasta la Z en movilidad el\u00e9ctrica [\/vc_column_text][vc_empty_space height=\u00bb5px\u00bb][vc_column_text] La primera startup del sector de la automoci\u00f3n con una propuesta de gama de...\" \/>\n<meta property=\"og:url\" content=\"https:\/\/expannia.com\/es\/sobre-nosotros\/\" \/>\n<meta property=\"og:site_name\" content=\"Expannia Motors\" \/>\n<meta property=\"article:publisher\" content=\"https:\/\/www.facebook.com\/expannia\" \/>\n<meta property=\"article:modified_time\" content=\"2022-02-15T19:30:21+00:00\" \/>\n<meta property=\"og:image\" content=\"https:\/\/expannia.com\/wp-content\/uploads\/expannia-main-image-bn-1.png\" \/>\n\t<meta property=\"og:image:width\" content=\"1024\" \/>\n\t<meta property=\"og:image:height\" content=\"691\" \/>\n<meta name=\"twitter:card\" content=\"summary_large_image\" \/>\n<meta name=\"twitter:label1\" content=\"Tiempo de lectura\" \/>\n\t<meta name=\"twitter:data1\" content=\"2 minutos\" \/>\n<script type=\"application\/ld+json\" class=\"yoast-schema-graph\">{\"@context\":\"https:\/\/schema.org\",\"@graph\":[{\"@type\":\"Organization\",\"@id\":\"https:\/\/expannia.com\/#organization\",\"name\":\"Expannia Motors - A New Generation of Electric Vehicles\",\"url\":\"https:\/\/expannia.com\/\",\"sameAs\":[\"https:\/\/www.facebook.com\/expannia\",\"https:\/\/www.instagram.com\/expannia\/\",\"https:\/\/www.linkedin.com\/company\/expanniamotors\",\"https:\/\/www.youtube.com\/channel\/UCVyhNsd_DI_gEwqP9bZxrrA\"],\"logo\":{\"@type\":\"ImageObject\",\"@id\":\"https:\/\/expannia.com\/#logo\",\"inLanguage\":\"es\",\"url\":\"https:\/\/expannia.com\/wp-content\/uploads\/expannia-main-image-bn.png\",\"contentUrl\":\"https:\/\/expannia.com\/wp-content\/uploads\/expannia-main-image-bn.png\",\"width\":1024,\"height\":691,\"caption\":\"Expannia Motors - A New Generation of Electric Vehicles\"},\"image\":{\"@id\":\"https:\/\/expannia.com\/#logo\"}},{\"@type\":\"WebSite\",\"@id\":\"https:\/\/expannia.com\/#website\",\"url\":\"https:\/\/expannia.com\/\",\"name\":\"Expannia Motors\",\"description\":\"Una nueva generaci\\u00f3n de veh\\u00edculos el\\u00e9ctricos\",\"publisher\":{\"@id\":\"https:\/\/expannia.com\/#organization\"},\"potentialAction\":[{\"@type\":\"SearchAction\",\"target\":\"https:\/\/expannia.com\/?s={search_term_string}\",\"query-input\":\"required name=search_term_string\"}],\"inLanguage\":\"es\"},{\"@type\":\"ImageObject\",\"@id\":\"https:\/\/expannia.com\/es\/sobre-nosotros\/#primaryimage\",\"inLanguage\":\"es\",\"url\":\"https:\/\/expannia.com\/wp-content\/uploads\/expannia-main-image-bn-1.png\",\"contentUrl\":\"https:\/\/expannia.com\/wp-content\/uploads\/expannia-main-image-bn-1.png\",\"width\":1024,\"height\":691},{\"@type\":\"WebPage\",\"@id\":\"https:\/\/expannia.com\/es\/sobre-nosotros\/#webpage\",\"url\":\"https:\/\/expannia.com\/es\/sobre-nosotros\/\",\"name\":\"Sobre nosotros - Expannia Motors\",\"isPartOf\":{\"@id\":\"https:\/\/expannia.com\/#website\"},\"primaryImageOfPage\":{\"@id\":\"https:\/\/expannia.com\/es\/sobre-nosotros\/#primaryimage\"},\"datePublished\":\"2021-05-26T13:21:27+00:00\",\"dateModified\":\"2022-02-15T19:30:21+00:00\",\"breadcrumb\":{\"@id\":\"https:\/\/expannia.com\/es\/sobre-nosotros\/#breadcrumb\"},\"inLanguage\":\"es\",\"potentialAction\":[{\"@type\":\"ReadAction\",\"target\":[\"https:\/\/expannia.com\/es\/sobre-nosotros\/\"]}]},{\"@type\":\"BreadcrumbList\",\"@id\":\"https:\/\/expannia.com\/es\/sobre-nosotros\/#breadcrumb\",\"itemListElement\":[{\"@type\":\"ListItem\",\"position\":1,\"name\":\"Home\",\"item\":\"https:\/\/expannia.com\/es\/\"},{\"@type\":\"ListItem\",\"position\":2,\"name\":\"Sobre nosotros\"}]}]}<\/script>\n<!-- \/ Yoast SEO plugin. -->","_links":{"self":[{"href":"https:\/\/expannia.com\/es\/wp-json\/wp\/v2\/pages\/15386"}],"collection":[{"href":"https:\/\/expannia.com\/es\/wp-json\/wp\/v2\/pages"}],"about":[{"href":"https:\/\/expannia.com\/es\/wp-json\/wp\/v2\/types\/page"}],"author":[{"embeddable":true,"href":"https:\/\/expannia.com\/es\/wp-json\/wp\/v2\/users\/1"}],"replies":[{"embeddable":true,"href":"https:\/\/expannia.com\/es\/wp-json\/wp\/v2\/comments?post=15386"}],"version-history":[{"count":0,"href":"https:\/\/expannia.com\/es\/wp-json\/wp\/v2\/pages\/15386\/revisions"}],"wp:featuredmedia":[{"embeddable":true,"href":"https:\/\/expannia.com\/es\/wp-json\/wp\/v2\/media\/15440"}],"wp:attachment":[{"href":"https:\/\/expannia.com\/es\/wp-json\/wp\/v2\/media?parent=15386"}],"curies":[{"name":"wp","href":"https:\/\/api.w.org\/{rel}","templated":true}]}}